{"id":908,"date":"2022-03-02T20:25:48","date_gmt":"2022-03-02T20:25:48","guid":{"rendered":"https:\/\/lachaytrail.com\/?post_type=product&#038;p=908"},"modified":"2025-10-24T01:15:47","modified_gmt":"2025-10-24T01:15:47","slug":"lachay-trail-22k-transporte","status":"publish","type":"product","link":"https:\/\/lachaytrail.com\/en\/tienda\/22k-transporte\/lachay-trail-22k-transporte\/","title":{"rendered":"Lachay Trail 22K + Transporte"},"content":{"rendered":"<p>Lachay\u00a0 Trail es una carrera de trail running que se desarrolla en la Reserva Nacional de Lachay, en un escenario que cuenta con uno de los paisajes m\u00e1s bellos de la costa peruana. Lachay est\u00e1 ubicada a 95km al norte de la ciudad de Lima y que cuenta con tres distancias de 5K, 10K y 22K.<\/p>\n<p>Esta es una carrera de trail es fue dise\u00f1ad para quienes quieran hacer una ruta r\u00e1pida, y para\u00a0<a href=\"https:\/\/outdoorsmagazine.pe\/5-carreras-esenciales-para-iniciarse-en-el-trail\/\">corredores de pista que se quieran iniciarse en el trail running<\/a>, ya que es una ruta bastante amigable para personas que con poca experiencia en este deporte. La carrera se desarrolla por parte de los senderos de la reserva y cuenta con algunas zonas de cerros y desierto, d\u00e1ndoles de probar a los corredores todo tipo de terreno a lo largo de la ruta.<\/p>\n<p>Su cercan\u00eda a la ciudad la hace muy accesible para todas las personas. Lachay es ideal para pasar un d\u00eda con toda la familia. Mientras los participantes corren, la familia o amigos que los acompa\u00f1en pueden aprovechar para conocer este para\u00edso en medio del desierto lleno de flora y fauna.<\/p>\n<p>Lachay Trail se ha convertida ya en un cl\u00e1sico de las carreras de trail running en Per\u00fa, y hoy en d\u00eda cuenta con una versi\u00f3n nocturna, Lachay Night Trail. Se replican ambas distancias de 10K y 22K, en las mismas rutas de la versi\u00f3n original.<\/p>","protected":false},"excerpt":{"rendered":"<p>Lachay\u00a0 Trail 22K es una de las carreras con los paisajes m\u00e1s hermosos de la costa. La carrera se desarrolla dentro de la Reserva Nacional de Lachay, un para\u00edso ubicado a tan solo dos horas de Lima. Esta es una carrera con un grado de dificultad mayor, no solo por la distancia, sino por lo variado de su terreno. Esta ruta mixta, combina un poco de terreno t\u00e9cnico, lomas y desierto, haci\u00e9ndola una carrera \u00fanica donde podr\u00e1s probar un poco de cada terreno.<\/p>","protected":false},"featured_media":2608,"template":"","meta":[],"product_brand":[],"product_cat":[67],"product_tag":[],"class_list":{"0":"post-908","1":"product","2":"type-product","3":"status-publish","4":"has-post-thumbnail","6":"product_cat-22k-transporte","8":"first","9":"outofstock","10":"sold-individually","11":"shipping-taxable","12":"purchasable","13":"product-type-simple"},"yoast_head":"<!-- This site is optimized with the Yoast SEO plugin v27.4 - https:\/\/yoast.com\/product\/yoast-seo-wordpress\/ -->\n<title>Lachay Trail 22K + Transporte - Lachay<\/title>\n<meta name=\"robots\" content=\"index, follow, max-snippet:-1, max-image-preview:large, max-video-preview:-1\" \/>\n<link rel=\"canonical\" href=\"https:\/\/lachaytrail.com\/en\/tienda\/22k-transporte\/lachay-trail-22k-transporte\/\" \/>\n<meta property=\"og:locale\" content=\"en_US\" \/>\n<meta property=\"og:type\" content=\"article\" \/>\n<meta property=\"og:title\" content=\"Lachay Trail 22K + Transporte - Lachay\" \/>\n<meta property=\"og:description\" content=\"Lachay\u00a0 Trail 22K es una de las carreras con los paisajes m\u00e1s hermosos de la costa. La carrera se desarrolla dentro de la Reserva Nacional de Lachay, un para\u00edso ubicado a tan solo dos horas de Lima. Esta es una carrera con un grado de dificultad mayor, no solo por la distancia, sino por lo variado de su terreno. Esta ruta mixta, combina un poco de terreno t\u00e9cnico, lomas y desierto, haci\u00e9ndola una carrera \u00fanica donde podr\u00e1s probar un poco de cada terreno.\" \/>\n<meta property=\"og:url\" content=\"https:\/\/lachaytrail.com\/en\/tienda\/22k-transporte\/lachay-trail-22k-transporte\/\" \/>\n<meta property=\"og:site_name\" content=\"Lachay\" \/>\n<meta property=\"article:modified_time\" content=\"2025-10-24T01:15:47+00:00\" \/>\n<meta property=\"og:image\" content=\"https:\/\/lachaytrail.com\/wp-content\/uploads\/2022\/03\/22K-1.jpg\" \/>\n\t<meta property=\"og:image:width\" content=\"400\" \/>\n\t<meta property=\"og:image:height\" content=\"400\" \/>\n\t<meta property=\"og:image:type\" content=\"image\/jpeg\" \/>\n<meta name=\"twitter:card\" content=\"summary_large_image\" \/>\n<meta name=\"twitter:label1\" content=\"Est. reading time\" \/>\n\t<meta name=\"twitter:data1\" content=\"2 minutes\" \/>\n<script type=\"application\/ld+json\" class=\"yoast-schema-graph\">{\"@context\":\"https:\\\/\\\/schema.org\",\"@graph\":[{\"@type\":\"WebPage\",\"@id\":\"https:\\\/\\\/lachaytrail.com\\\/tienda\\\/22k-transporte\\\/lachay-trail-22k-transporte\\\/\",\"url\":\"https:\\\/\\\/lachaytrail.com\\\/tienda\\\/22k-transporte\\\/lachay-trail-22k-transporte\\\/\",\"name\":\"Lachay Trail 22K + Transporte - Lachay\",\"isPartOf\":{\"@id\":\"https:\\\/\\\/lachaytrail.com\\\/#website\"},\"primaryImageOfPage\":{\"@id\":\"https:\\\/\\\/lachaytrail.com\\\/tienda\\\/22k-transporte\\\/lachay-trail-22k-transporte\\\/#primaryimage\"},\"image\":{\"@id\":\"https:\\\/\\\/lachaytrail.com\\\/tienda\\\/22k-transporte\\\/lachay-trail-22k-transporte\\\/#primaryimage\"},\"thumbnailUrl\":\"https:\\\/\\\/lachaytrail.com\\\/wp-content\\\/uploads\\\/2022\\\/03\\\/22K-1.jpg\",\"datePublished\":\"2022-03-02T20:25:48+00:00\",\"dateModified\":\"2025-10-24T01:15:47+00:00\",\"breadcrumb\":{\"@id\":\"https:\\\/\\\/lachaytrail.com\\\/tienda\\\/22k-transporte\\\/lachay-trail-22k-transporte\\\/#breadcrumb\"},\"inLanguage\":\"en-US\",\"potentialAction\":[{\"@type\":\"ReadAction\",\"target\":[\"https:\\\/\\\/lachaytrail.com\\\/tienda\\\/22k-transporte\\\/lachay-trail-22k-transporte\\\/\"]}]},{\"@type\":\"ImageObject\",\"inLanguage\":\"en-US\",\"@id\":\"https:\\\/\\\/lachaytrail.com\\\/tienda\\\/22k-transporte\\\/lachay-trail-22k-transporte\\\/#primaryimage\",\"url\":\"https:\\\/\\\/lachaytrail.com\\\/wp-content\\\/uploads\\\/2022\\\/03\\\/22K-1.jpg\",\"contentUrl\":\"https:\\\/\\\/lachaytrail.com\\\/wp-content\\\/uploads\\\/2022\\\/03\\\/22K-1.jpg\",\"width\":400,\"height\":400},{\"@type\":\"BreadcrumbList\",\"@id\":\"https:\\\/\\\/lachaytrail.com\\\/tienda\\\/22k-transporte\\\/lachay-trail-22k-transporte\\\/#breadcrumb\",\"itemListElement\":[{\"@type\":\"ListItem\",\"position\":1,\"name\":\"Home\",\"item\":\"https:\\\/\\\/lachaytrail.com\\\/\"},{\"@type\":\"ListItem\",\"position\":2,\"name\":\"Tienda\",\"item\":\"https:\\\/\\\/lachaytrail.com\\\/tienda\\\/\"},{\"@type\":\"ListItem\",\"position\":3,\"name\":\"Lachay Trail 22K + Transporte\"}]},{\"@type\":\"WebSite\",\"@id\":\"https:\\\/\\\/lachaytrail.com\\\/#website\",\"url\":\"https:\\\/\\\/lachaytrail.com\\\/\",\"name\":\"Lachay\",\"description\":\"Vive la experienecia\",\"potentialAction\":[{\"@type\":\"SearchAction\",\"target\":{\"@type\":\"EntryPoint\",\"urlTemplate\":\"https:\\\/\\\/lachaytrail.com\\\/?s={search_term_string}\"},\"query-input\":{\"@type\":\"PropertyValueSpecification\",\"valueRequired\":true,\"valueName\":\"search_term_string\"}}],\"inLanguage\":\"en-US\"}]}<\/script>\n<!-- \/ Yoast SEO plugin. -->","yoast_head_json":{"title":"Lachay Trail 22K + Transporte - Lachay","robots":{"index":"index","follow":"follow","max-snippet":"max-snippet:-1","max-image-preview":"max-image-preview:large","max-video-preview":"max-video-preview:-1"},"canonical":"https:\/\/lachaytrail.com\/en\/tienda\/22k-transporte\/lachay-trail-22k-transporte\/","og_locale":"en_US","og_type":"article","og_title":"Lachay Trail 22K + Transporte - Lachay","og_description":"Lachay\u00a0 Trail 22K es una de las carreras con los paisajes m\u00e1s hermosos de la costa. La carrera se desarrolla dentro de la Reserva Nacional de Lachay, un para\u00edso ubicado a tan solo dos horas de Lima. Esta es una carrera con un grado de dificultad mayor, no solo por la distancia, sino por lo variado de su terreno. Esta ruta mixta, combina un poco de terreno t\u00e9cnico, lomas y desierto, haci\u00e9ndola una carrera \u00fanica donde podr\u00e1s probar un poco de cada terreno.","og_url":"https:\/\/lachaytrail.com\/en\/tienda\/22k-transporte\/lachay-trail-22k-transporte\/","og_site_name":"Lachay","article_modified_time":"2025-10-24T01:15:47+00:00","og_image":[{"width":400,"height":400,"url":"https:\/\/lachaytrail.com\/wp-content\/uploads\/2022\/03\/22K-1.jpg","type":"image\/jpeg"}],"twitter_card":"summary_large_image","twitter_misc":{"Est. reading time":"2 minutes"},"schema":{"@context":"https:\/\/schema.org","@graph":[{"@type":"WebPage","@id":"https:\/\/lachaytrail.com\/tienda\/22k-transporte\/lachay-trail-22k-transporte\/","url":"https:\/\/lachaytrail.com\/tienda\/22k-transporte\/lachay-trail-22k-transporte\/","name":"Lachay Trail 22K + Transporte - Lachay","isPartOf":{"@id":"https:\/\/lachaytrail.com\/#website"},"primaryImageOfPage":{"@id":"https:\/\/lachaytrail.com\/tienda\/22k-transporte\/lachay-trail-22k-transporte\/#primaryimage"},"image":{"@id":"https:\/\/lachaytrail.com\/tienda\/22k-transporte\/lachay-trail-22k-transporte\/#primaryimage"},"thumbnailUrl":"https:\/\/lachaytrail.com\/wp-content\/uploads\/2022\/03\/22K-1.jpg","datePublished":"2022-03-02T20:25:48+00:00","dateModified":"2025-10-24T01:15:47+00:00","breadcrumb":{"@id":"https:\/\/lachaytrail.com\/tienda\/22k-transporte\/lachay-trail-22k-transporte\/#breadcrumb"},"inLanguage":"en-US","potentialAction":[{"@type":"ReadAction","target":["https:\/\/lachaytrail.com\/tienda\/22k-transporte\/lachay-trail-22k-transporte\/"]}]},{"@type":"ImageObject","inLanguage":"en-US","@id":"https:\/\/lachaytrail.com\/tienda\/22k-transporte\/lachay-trail-22k-transporte\/#primaryimage","url":"https:\/\/lachaytrail.com\/wp-content\/uploads\/2022\/03\/22K-1.jpg","contentUrl":"https:\/\/lachaytrail.com\/wp-content\/uploads\/2022\/03\/22K-1.jpg","width":400,"height":400},{"@type":"BreadcrumbList","@id":"https:\/\/lachaytrail.com\/tienda\/22k-transporte\/lachay-trail-22k-transporte\/#breadcrumb","itemListElement":[{"@type":"ListItem","position":1,"name":"Home","item":"https:\/\/lachaytrail.com\/"},{"@type":"ListItem","position":2,"name":"Tienda","item":"https:\/\/lachaytrail.com\/tienda\/"},{"@type":"ListItem","position":3,"name":"Lachay Trail 22K + Transporte"}]},{"@type":"WebSite","@id":"https:\/\/lachaytrail.com\/#website","url":"https:\/\/lachaytrail.com\/","name":"Lachay","description":"Vive la experienecia","potentialAction":[{"@type":"SearchAction","target":{"@type":"EntryPoint","urlTemplate":"https:\/\/lachaytrail.com\/?s={search_term_string}"},"query-input":{"@type":"PropertyValueSpecification","valueRequired":true,"valueName":"search_term_string"}}],"inLanguage":"en-US"}]}},"jetpack_sharing_enabled":true,"_links":{"self":[{"href":"https:\/\/lachaytrail.com\/en\/wp-json\/wp\/v2\/product\/908","targetHints":{"allow":["GET"]}}],"collection":[{"href":"https:\/\/lachaytrail.com\/en\/wp-json\/wp\/v2\/product"}],"about":[{"href":"https:\/\/lachaytrail.com\/en\/wp-json\/wp\/v2\/types\/product"}],"wp:featuredmedia":[{"embeddable":true,"href":"https:\/\/lachaytrail.com\/en\/wp-json\/wp\/v2\/media\/2608"}],"wp:attachment":[{"href":"https:\/\/lachaytrail.com\/en\/wp-json\/wp\/v2\/media?parent=908"}],"wp:term":[{"taxonomy":"product_brand","embeddable":true,"href":"https:\/\/lachaytrail.com\/en\/wp-json\/wp\/v2\/product_brand?post=908"},{"taxonomy":"product_cat","embeddable":true,"href":"https:\/\/lachaytrail.com\/en\/wp-json\/wp\/v2\/product_cat?post=908"},{"taxonomy":"product_tag","embeddable":true,"href":"https:\/\/lachaytrail.com\/en\/wp-json\/wp\/v2\/product_tag?post=908"}],"curies":[{"name":"wp","href":"https:\/\/api.w.org\/{rel}","templated":true}]}}