{"id":907,"date":"2022-03-02T18:56:11","date_gmt":"2022-03-02T18:56:11","guid":{"rendered":"https:\/\/lachaytrail.com\/?post_type=product&#038;p=907"},"modified":"2025-10-24T01:16:25","modified_gmt":"2025-10-24T01:16:25","slug":"lachay-trail-10k-transporte","status":"publish","type":"product","link":"https:\/\/lachaytrail.com\/en\/tienda\/10k-transporte\/lachay-trail-10k-transporte\/","title":{"rendered":"Lachay Trail 10K + Transporte"},"content":{"rendered":"<p>Lachay Trail es una carrera de trail running que se desarrolla en la Reserva Nacional de Lachay, en un escenario que cuenta con uno de los paisajes m\u00e1s bellos de la costa peruana. Lachay est\u00e1 ubicada a 95km al norte de la ciudad de Lima y que cuenta con tres distancias de 5K, 10K y 22K.<\/p>\n<p>Esta es una carrera de trail es fue dise\u00f1ad para quienes quieran hacer una ruta r\u00e1pida, y para\u00a0<a href=\"https:\/\/outdoorsmagazine.pe\/5-carreras-esenciales-para-iniciarse-en-el-trail\/\">corredores de pista que se quieran iniciarse en el trail running<\/a>, ya que es una ruta bastante amigable para personas que con poca experiencia en este deporte. La carrera se desarrolla por parte de los senderos de la reserva y cuenta con algunas zonas de cerros y desierto, d\u00e1ndoles de probar a los corredores todo tipo de terreno a lo largo de la ruta.<\/p>\n<p>Su cercan\u00eda a la ciudad la hace muy accesible para todas las personas. Lachay es ideal para pasar un d\u00eda con toda la familia. Mientras los participantes corren, la familia o amigos que los acompa\u00f1en pueden aprovechar para conocer este para\u00edso en medio del desierto lleno de flora y fauna.<\/p>\n<p>Lachay Trail se ha convertida ya en un cl\u00e1sico de las carreras de trail running en Per\u00fa, y hoy en d\u00eda cuenta con una versi\u00f3n nocturna, Lachay Night Trail. Se replican sus distancias de 5K, 10K y 22K, en las mismas rutas de la versi\u00f3n original.<\/p>","protected":false},"excerpt":{"rendered":"<div class=\"elementor-element elementor-element-a0cd099 elementor-widget elementor-widget-woocommerce-product-short-description\" data-id=\"a0cd099\" data-element_type=\"widget\" data-widget_type=\"woocommerce-product-short-description.default\">\n<div class=\"elementor-widget-container\">\n<div class=\"woocommerce-product-details__short-description\">\n<p>Lachay Trail 10K es una de las carreras con los paisajes m\u00e1s hermosos de la costa. La carrera se desarrolla dentro de la Reserva Nacional de Lachay, un para\u00edso ubicado a tan solo dos horas de Lima. Esta es una carrera ideal para aquellos que reci\u00e9n se inician en el trail running. Esta distancia se desarrolla dentro de una ruta y un tipo de terreno bastante amigable. La mayor parte de los senderos, est\u00e1n dentro del circuito tur\u00edstico de la Reserva, lo que la hace muy f\u00e1cil de recorrer adem\u00e1s de ser muy segura.<\/p>\n<\/div>\n<\/div>\n<\/div>\n<section class=\"wd-negative-gap elementor-section elementor-inner-section elementor-element elementor-element-e921ef4 elementor-section-boxed elementor-section-height-default elementor-section-height-default wd-section-disabled\" data-id=\"e921ef4\" data-element_type=\"section\" data-settings=\"{&quot;_ha_eqh_enable&quot;:false}\">\n<div class=\"elementor-container elementor-column-gap-default\">\n<div class=\"elementor-column elementor-col-50 elementor-inner-column elementor-element elementor-element-ebd6c59\" data-id=\"ebd6c59\" data-element_type=\"column\">\n<div class=\"elementor-widget-wrap elementor-element-populated\">\n<div class=\"elementor-element elementor-element-98411a9 elementor-widget elementor-widget-button\" data-id=\"98411a9\" data-element_type=\"widget\" data-widget_type=\"button.default\">\n<div class=\"elementor-widget-container\">\n<div class=\"elementor-button-wrapper\"><\/div>\n<\/div>\n<\/div>\n<\/div>\n<\/div>\n<\/div>\n<\/section>","protected":false},"featured_media":2607,"template":"","meta":[],"product_brand":[],"product_cat":[65],"product_tag":[],"class_list":{"0":"post-907","1":"product","2":"type-product","3":"status-publish","4":"has-post-thumbnail","6":"product_cat-10k-transporte","8":"first","9":"outofstock","10":"sold-individually","11":"shipping-taxable","12":"purchasable","13":"product-type-simple"},"yoast_head":"<!-- This site is optimized with the Yoast SEO plugin v27.4 - https:\/\/yoast.com\/product\/yoast-seo-wordpress\/ -->\n<title>Lachay Trail 10K + Transporte - Lachay<\/title>\n<meta name=\"robots\" content=\"index, follow, max-snippet:-1, max-image-preview:large, max-video-preview:-1\" \/>\n<link rel=\"canonical\" href=\"https:\/\/lachaytrail.com\/en\/tienda\/10k-transporte\/lachay-trail-10k-transporte\/\" \/>\n<meta property=\"og:locale\" content=\"en_US\" \/>\n<meta property=\"og:type\" content=\"article\" \/>\n<meta property=\"og:title\" content=\"Lachay Trail 10K + Transporte - Lachay\" \/>\n<meta property=\"og:description\" content=\"Lachay Trail 10K es una de las carreras con los paisajes m\u00e1s hermosos de la costa. La carrera se desarrolla dentro de la Reserva Nacional de Lachay, un para\u00edso ubicado a tan solo dos horas de Lima. Esta es una carrera ideal para aquellos que reci\u00e9n se inician en el trail running. Esta distancia se desarrolla dentro de una ruta y un tipo de terreno bastante amigable. La mayor parte de los senderos, est\u00e1n dentro del circuito tur\u00edstico de la Reserva, lo que la hace muy f\u00e1cil de recorrer adem\u00e1s de ser muy segura.\" \/>\n<meta property=\"og:url\" content=\"https:\/\/lachaytrail.com\/en\/tienda\/10k-transporte\/lachay-trail-10k-transporte\/\" \/>\n<meta property=\"og:site_name\" content=\"Lachay\" \/>\n<meta property=\"article:modified_time\" content=\"2025-10-24T01:16:25+00:00\" \/>\n<meta property=\"og:image\" content=\"https:\/\/lachaytrail.com\/wp-content\/uploads\/2022\/02\/10K-1.jpg\" \/>\n\t<meta property=\"og:image:width\" content=\"400\" \/>\n\t<meta property=\"og:image:height\" content=\"400\" \/>\n\t<meta property=\"og:image:type\" content=\"image\/jpeg\" \/>\n<meta name=\"twitter:card\" content=\"summary_large_image\" \/>\n<meta name=\"twitter:label1\" content=\"Est. reading time\" \/>\n\t<meta name=\"twitter:data1\" content=\"2 minutes\" \/>\n<script type=\"application\/ld+json\" class=\"yoast-schema-graph\">{\"@context\":\"https:\\\/\\\/schema.org\",\"@graph\":[{\"@type\":\"WebPage\",\"@id\":\"https:\\\/\\\/lachaytrail.com\\\/tienda\\\/10k-transporte\\\/lachay-trail-10k-transporte\\\/\",\"url\":\"https:\\\/\\\/lachaytrail.com\\\/tienda\\\/10k-transporte\\\/lachay-trail-10k-transporte\\\/\",\"name\":\"Lachay Trail 10K + Transporte - Lachay\",\"isPartOf\":{\"@id\":\"https:\\\/\\\/lachaytrail.com\\\/#website\"},\"primaryImageOfPage\":{\"@id\":\"https:\\\/\\\/lachaytrail.com\\\/tienda\\\/10k-transporte\\\/lachay-trail-10k-transporte\\\/#primaryimage\"},\"image\":{\"@id\":\"https:\\\/\\\/lachaytrail.com\\\/tienda\\\/10k-transporte\\\/lachay-trail-10k-transporte\\\/#primaryimage\"},\"thumbnailUrl\":\"https:\\\/\\\/lachaytrail.com\\\/wp-content\\\/uploads\\\/2022\\\/02\\\/10K-1.jpg\",\"datePublished\":\"2022-03-02T18:56:11+00:00\",\"dateModified\":\"2025-10-24T01:16:25+00:00\",\"breadcrumb\":{\"@id\":\"https:\\\/\\\/lachaytrail.com\\\/tienda\\\/10k-transporte\\\/lachay-trail-10k-transporte\\\/#breadcrumb\"},\"inLanguage\":\"en-US\",\"potentialAction\":[{\"@type\":\"ReadAction\",\"target\":[\"https:\\\/\\\/lachaytrail.com\\\/tienda\\\/10k-transporte\\\/lachay-trail-10k-transporte\\\/\"]}]},{\"@type\":\"ImageObject\",\"inLanguage\":\"en-US\",\"@id\":\"https:\\\/\\\/lachaytrail.com\\\/tienda\\\/10k-transporte\\\/lachay-trail-10k-transporte\\\/#primaryimage\",\"url\":\"https:\\\/\\\/lachaytrail.com\\\/wp-content\\\/uploads\\\/2022\\\/02\\\/10K-1.jpg\",\"contentUrl\":\"https:\\\/\\\/lachaytrail.com\\\/wp-content\\\/uploads\\\/2022\\\/02\\\/10K-1.jpg\",\"width\":400,\"height\":400},{\"@type\":\"BreadcrumbList\",\"@id\":\"https:\\\/\\\/lachaytrail.com\\\/tienda\\\/10k-transporte\\\/lachay-trail-10k-transporte\\\/#breadcrumb\",\"itemListElement\":[{\"@type\":\"ListItem\",\"position\":1,\"name\":\"Home\",\"item\":\"https:\\\/\\\/lachaytrail.com\\\/\"},{\"@type\":\"ListItem\",\"position\":2,\"name\":\"Tienda\",\"item\":\"https:\\\/\\\/lachaytrail.com\\\/tienda\\\/\"},{\"@type\":\"ListItem\",\"position\":3,\"name\":\"Lachay Trail 10K + Transporte\"}]},{\"@type\":\"WebSite\",\"@id\":\"https:\\\/\\\/lachaytrail.com\\\/#website\",\"url\":\"https:\\\/\\\/lachaytrail.com\\\/\",\"name\":\"Lachay\",\"description\":\"Vive la experienecia\",\"potentialAction\":[{\"@type\":\"SearchAction\",\"target\":{\"@type\":\"EntryPoint\",\"urlTemplate\":\"https:\\\/\\\/lachaytrail.com\\\/?s={search_term_string}\"},\"query-input\":{\"@type\":\"PropertyValueSpecification\",\"valueRequired\":true,\"valueName\":\"search_term_string\"}}],\"inLanguage\":\"en-US\"}]}<\/script>\n<!-- \/ Yoast SEO plugin. -->","yoast_head_json":{"title":"Lachay Trail 10K + Transporte - Lachay","robots":{"index":"index","follow":"follow","max-snippet":"max-snippet:-1","max-image-preview":"max-image-preview:large","max-video-preview":"max-video-preview:-1"},"canonical":"https:\/\/lachaytrail.com\/en\/tienda\/10k-transporte\/lachay-trail-10k-transporte\/","og_locale":"en_US","og_type":"article","og_title":"Lachay Trail 10K + Transporte - Lachay","og_description":"Lachay Trail 10K es una de las carreras con los paisajes m\u00e1s hermosos de la costa. La carrera se desarrolla dentro de la Reserva Nacional de Lachay, un para\u00edso ubicado a tan solo dos horas de Lima. Esta es una carrera ideal para aquellos que reci\u00e9n se inician en el trail running. Esta distancia se desarrolla dentro de una ruta y un tipo de terreno bastante amigable. La mayor parte de los senderos, est\u00e1n dentro del circuito tur\u00edstico de la Reserva, lo que la hace muy f\u00e1cil de recorrer adem\u00e1s de ser muy segura.","og_url":"https:\/\/lachaytrail.com\/en\/tienda\/10k-transporte\/lachay-trail-10k-transporte\/","og_site_name":"Lachay","article_modified_time":"2025-10-24T01:16:25+00:00","og_image":[{"width":400,"height":400,"url":"https:\/\/lachaytrail.com\/wp-content\/uploads\/2022\/02\/10K-1.jpg","type":"image\/jpeg"}],"twitter_card":"summary_large_image","twitter_misc":{"Est. reading time":"2 minutes"},"schema":{"@context":"https:\/\/schema.org","@graph":[{"@type":"WebPage","@id":"https:\/\/lachaytrail.com\/tienda\/10k-transporte\/lachay-trail-10k-transporte\/","url":"https:\/\/lachaytrail.com\/tienda\/10k-transporte\/lachay-trail-10k-transporte\/","name":"Lachay Trail 10K + Transporte - Lachay","isPartOf":{"@id":"https:\/\/lachaytrail.com\/#website"},"primaryImageOfPage":{"@id":"https:\/\/lachaytrail.com\/tienda\/10k-transporte\/lachay-trail-10k-transporte\/#primaryimage"},"image":{"@id":"https:\/\/lachaytrail.com\/tienda\/10k-transporte\/lachay-trail-10k-transporte\/#primaryimage"},"thumbnailUrl":"https:\/\/lachaytrail.com\/wp-content\/uploads\/2022\/02\/10K-1.jpg","datePublished":"2022-03-02T18:56:11+00:00","dateModified":"2025-10-24T01:16:25+00:00","breadcrumb":{"@id":"https:\/\/lachaytrail.com\/tienda\/10k-transporte\/lachay-trail-10k-transporte\/#breadcrumb"},"inLanguage":"en-US","potentialAction":[{"@type":"ReadAction","target":["https:\/\/lachaytrail.com\/tienda\/10k-transporte\/lachay-trail-10k-transporte\/"]}]},{"@type":"ImageObject","inLanguage":"en-US","@id":"https:\/\/lachaytrail.com\/tienda\/10k-transporte\/lachay-trail-10k-transporte\/#primaryimage","url":"https:\/\/lachaytrail.com\/wp-content\/uploads\/2022\/02\/10K-1.jpg","contentUrl":"https:\/\/lachaytrail.com\/wp-content\/uploads\/2022\/02\/10K-1.jpg","width":400,"height":400},{"@type":"BreadcrumbList","@id":"https:\/\/lachaytrail.com\/tienda\/10k-transporte\/lachay-trail-10k-transporte\/#breadcrumb","itemListElement":[{"@type":"ListItem","position":1,"name":"Home","item":"https:\/\/lachaytrail.com\/"},{"@type":"ListItem","position":2,"name":"Tienda","item":"https:\/\/lachaytrail.com\/tienda\/"},{"@type":"ListItem","position":3,"name":"Lachay Trail 10K + Transporte"}]},{"@type":"WebSite","@id":"https:\/\/lachaytrail.com\/#website","url":"https:\/\/lachaytrail.com\/","name":"Lachay","description":"Vive la experienecia","potentialAction":[{"@type":"SearchAction","target":{"@type":"EntryPoint","urlTemplate":"https:\/\/lachaytrail.com\/?s={search_term_string}"},"query-input":{"@type":"PropertyValueSpecification","valueRequired":true,"valueName":"search_term_string"}}],"inLanguage":"en-US"}]}},"jetpack_sharing_enabled":true,"_links":{"self":[{"href":"https:\/\/lachaytrail.com\/en\/wp-json\/wp\/v2\/product\/907","targetHints":{"allow":["GET"]}}],"collection":[{"href":"https:\/\/lachaytrail.com\/en\/wp-json\/wp\/v2\/product"}],"about":[{"href":"https:\/\/lachaytrail.com\/en\/wp-json\/wp\/v2\/types\/product"}],"wp:featuredmedia":[{"embeddable":true,"href":"https:\/\/lachaytrail.com\/en\/wp-json\/wp\/v2\/media\/2607"}],"wp:attachment":[{"href":"https:\/\/lachaytrail.com\/en\/wp-json\/wp\/v2\/media?parent=907"}],"wp:term":[{"taxonomy":"product_brand","embeddable":true,"href":"https:\/\/lachaytrail.com\/en\/wp-json\/wp\/v2\/product_brand?post=907"},{"taxonomy":"product_cat","embeddable":true,"href":"https:\/\/lachaytrail.com\/en\/wp-json\/wp\/v2\/product_cat?post=907"},{"taxonomy":"product_tag","embeddable":true,"href":"https:\/\/lachaytrail.com\/en\/wp-json\/wp\/v2\/product_tag?post=907"}],"curies":[{"name":"wp","href":"https:\/\/api.w.org\/{rel}","templated":true}]}}