{"id":864,"date":"2022-02-26T16:22:23","date_gmt":"2022-02-26T16:22:23","guid":{"rendered":"https:\/\/lachaytrail.com\/?post_type=product&#038;p=864"},"modified":"2026-02-24T02:11:53","modified_gmt":"2026-02-24T02:11:53","slug":"lachay-trail-22k","status":"publish","type":"product","link":"https:\/\/lachaytrail.com\/en\/tienda\/22k\/lachay-trail-22k\/","title":{"rendered":"Lachay Trail 22K"},"content":{"rendered":"<p>Lachay Trail 22K es una carrera de trail running que se desarrolla en la Reserva Nacional de Lachay, en un escenario que cuenta con uno de los paisajes m\u00e1s bellos de la costa peruana. Lachay est\u00e1 ubicada a 95km al norte de la ciudad de Lima y que cuenta tres distancias de 5K, 10K y 22K.<\/p>\n<p>Esta es una carrera de trail es fue dise\u00f1ad para quienes quieran hacer una ruta r\u00e1pida, y para\u00a0<a href=\"https:\/\/outdoorsmagazine.pe\/5-carreras-esenciales-para-iniciarse-en-el-trail\/\">corredores de pista que se quieran iniciarse en el trail running<\/a>, ya que es una ruta bastante amigable para personas que con poca experiencia en este deporte. La carrera se desarrolla por parte de los senderos de la reserva y cuenta con algunas zonas de cerros y desierto, d\u00e1ndoles de probar a los corredores todo tipo de terreno a lo largo de la ruta.<\/p>\n<p>Su cercan\u00eda a la ciudad la hace muy accesible para todas las personas. Lachay es ideal para pasar un d\u00eda con toda la familia. Mientras los participantes corren, la familia o amigos que los acompa\u00f1en pueden aprovechar para conocer este para\u00edso en medio del desierto lleno de flora y fauna.<\/p>\n<p>Lachay Trail 22K se ha convertida ya en un cl\u00e1sico de las carreras de trail running en Per\u00fa, y hoy en d\u00eda cuenta con una versi\u00f3n nocturna, <a href=\"https:\/\/lachaytrail.com\/en\/producto\/lachay-night-trail-22k-abril\/\">Lachay Night Trail<\/a>. Se replican ambas distancias de 10K y 22K, en las mismas rutas de la versi\u00f3n original.<\/p>\n<p>&nbsp;<\/p>","protected":false},"excerpt":{"rendered":"<h3>Inscripciones \u00fanicamente en nuestra App Andes Race en <a href=\"https:\/\/apps.apple.com\/pe\/app\/andes-race\/id6749581804\" target=\"_blank\" rel=\"noopener\">App Store<\/a> o <a href=\"https:\/\/play.google.com\/store\/apps\/details?id=com.andesrace.andesapp.com&amp;pcampaignid=web_share\" target=\"_blank\" rel=\"noopener\">Google Play<\/a>.<\/h3>","protected":false},"featured_media":2608,"template":"","meta":[],"product_brand":[],"product_cat":[66],"product_tag":[],"class_list":{"0":"post-864","1":"product","2":"type-product","3":"status-publish","4":"has-post-thumbnail","6":"product_cat-22k","8":"first","9":"outofstock","10":"sold-individually","11":"shipping-taxable","12":"purchasable","13":"product-type-simple"},"yoast_head":"<!-- This site is optimized with the Yoast SEO plugin v27.4 - https:\/\/yoast.com\/product\/yoast-seo-wordpress\/ -->\n<title>Lachay Trail 22K - Lachay<\/title>\n<meta name=\"description\" content=\"Lachay Trail 22K es una carrera ideal para inicirse en el trail y corredores que buscan una ruta din\u00e1mica, r\u00e1pida y con un terreno variado.\" \/>\n<meta name=\"robots\" content=\"index, follow, max-snippet:-1, max-image-preview:large, max-video-preview:-1\" \/>\n<link rel=\"canonical\" href=\"https:\/\/lachaytrail.com\/en\/tienda\/22k\/lachay-trail-22k\/\" \/>\n<meta property=\"og:locale\" content=\"en_US\" \/>\n<meta property=\"og:type\" content=\"article\" \/>\n<meta property=\"og:title\" content=\"Lachay Trail 22K - Lachay\" \/>\n<meta property=\"og:description\" content=\"Lachay Trail 22K es una carrera ideal para inicirse en el trail y corredores que buscan una ruta din\u00e1mica, r\u00e1pida y con un terreno variado.\" \/>\n<meta property=\"og:url\" content=\"https:\/\/lachaytrail.com\/en\/tienda\/22k\/lachay-trail-22k\/\" \/>\n<meta property=\"og:site_name\" content=\"Lachay\" \/>\n<meta property=\"article:modified_time\" content=\"2026-02-24T02:11:53+00:00\" \/>\n<meta property=\"og:image\" content=\"https:\/\/lachaytrail.com\/wp-content\/uploads\/2022\/03\/22K-1.jpg\" \/>\n\t<meta property=\"og:image:width\" content=\"400\" \/>\n\t<meta property=\"og:image:height\" content=\"400\" \/>\n\t<meta property=\"og:image:type\" content=\"image\/jpeg\" \/>\n<meta name=\"twitter:card\" content=\"summary_large_image\" \/>\n<meta name=\"twitter:label1\" content=\"Est. reading time\" \/>\n\t<meta name=\"twitter:data1\" content=\"2 minutes\" \/>\n<script type=\"application\/ld+json\" class=\"yoast-schema-graph\">{\"@context\":\"https:\\\/\\\/schema.org\",\"@graph\":[{\"@type\":\"WebPage\",\"@id\":\"https:\\\/\\\/lachaytrail.com\\\/tienda\\\/22k\\\/lachay-trail-22k\\\/\",\"url\":\"https:\\\/\\\/lachaytrail.com\\\/tienda\\\/22k\\\/lachay-trail-22k\\\/\",\"name\":\"Lachay Trail 22K - Lachay\",\"isPartOf\":{\"@id\":\"https:\\\/\\\/lachaytrail.com\\\/#website\"},\"primaryImageOfPage\":{\"@id\":\"https:\\\/\\\/lachaytrail.com\\\/tienda\\\/22k\\\/lachay-trail-22k\\\/#primaryimage\"},\"image\":{\"@id\":\"https:\\\/\\\/lachaytrail.com\\\/tienda\\\/22k\\\/lachay-trail-22k\\\/#primaryimage\"},\"thumbnailUrl\":\"https:\\\/\\\/lachaytrail.com\\\/wp-content\\\/uploads\\\/2022\\\/03\\\/22K-1.jpg\",\"datePublished\":\"2022-02-26T16:22:23+00:00\",\"dateModified\":\"2026-02-24T02:11:53+00:00\",\"description\":\"Lachay Trail 22K es una carrera ideal para inicirse en el trail y corredores que buscan una ruta din\u00e1mica, r\u00e1pida y con un terreno variado.\",\"breadcrumb\":{\"@id\":\"https:\\\/\\\/lachaytrail.com\\\/tienda\\\/22k\\\/lachay-trail-22k\\\/#breadcrumb\"},\"inLanguage\":\"en-US\",\"potentialAction\":[{\"@type\":\"ReadAction\",\"target\":[\"https:\\\/\\\/lachaytrail.com\\\/tienda\\\/22k\\\/lachay-trail-22k\\\/\"]}]},{\"@type\":\"ImageObject\",\"inLanguage\":\"en-US\",\"@id\":\"https:\\\/\\\/lachaytrail.com\\\/tienda\\\/22k\\\/lachay-trail-22k\\\/#primaryimage\",\"url\":\"https:\\\/\\\/lachaytrail.com\\\/wp-content\\\/uploads\\\/2022\\\/03\\\/22K-1.jpg\",\"contentUrl\":\"https:\\\/\\\/lachaytrail.com\\\/wp-content\\\/uploads\\\/2022\\\/03\\\/22K-1.jpg\",\"width\":400,\"height\":400},{\"@type\":\"BreadcrumbList\",\"@id\":\"https:\\\/\\\/lachaytrail.com\\\/tienda\\\/22k\\\/lachay-trail-22k\\\/#breadcrumb\",\"itemListElement\":[{\"@type\":\"ListItem\",\"position\":1,\"name\":\"Home\",\"item\":\"https:\\\/\\\/lachaytrail.com\\\/\"},{\"@type\":\"ListItem\",\"position\":2,\"name\":\"Tienda\",\"item\":\"https:\\\/\\\/lachaytrail.com\\\/tienda\\\/\"},{\"@type\":\"ListItem\",\"position\":3,\"name\":\"Lachay Trail 22K\"}]},{\"@type\":\"WebSite\",\"@id\":\"https:\\\/\\\/lachaytrail.com\\\/#website\",\"url\":\"https:\\\/\\\/lachaytrail.com\\\/\",\"name\":\"Lachay\",\"description\":\"Vive la experienecia\",\"potentialAction\":[{\"@type\":\"SearchAction\",\"target\":{\"@type\":\"EntryPoint\",\"urlTemplate\":\"https:\\\/\\\/lachaytrail.com\\\/?s={search_term_string}\"},\"query-input\":{\"@type\":\"PropertyValueSpecification\",\"valueRequired\":true,\"valueName\":\"search_term_string\"}}],\"inLanguage\":\"en-US\"}]}<\/script>\n<!-- \/ Yoast SEO plugin. -->","yoast_head_json":{"title":"Lachay Trail 22K - Lachay","description":"Lachay Trail 22K es una carrera ideal para inicirse en el trail y corredores que buscan una ruta din\u00e1mica, r\u00e1pida y con un terreno variado.","robots":{"index":"index","follow":"follow","max-snippet":"max-snippet:-1","max-image-preview":"max-image-preview:large","max-video-preview":"max-video-preview:-1"},"canonical":"https:\/\/lachaytrail.com\/en\/tienda\/22k\/lachay-trail-22k\/","og_locale":"en_US","og_type":"article","og_title":"Lachay Trail 22K - Lachay","og_description":"Lachay Trail 22K es una carrera ideal para inicirse en el trail y corredores que buscan una ruta din\u00e1mica, r\u00e1pida y con un terreno variado.","og_url":"https:\/\/lachaytrail.com\/en\/tienda\/22k\/lachay-trail-22k\/","og_site_name":"Lachay","article_modified_time":"2026-02-24T02:11:53+00:00","og_image":[{"width":400,"height":400,"url":"https:\/\/lachaytrail.com\/wp-content\/uploads\/2022\/03\/22K-1.jpg","type":"image\/jpeg"}],"twitter_card":"summary_large_image","twitter_misc":{"Est. reading time":"2 minutes"},"schema":{"@context":"https:\/\/schema.org","@graph":[{"@type":"WebPage","@id":"https:\/\/lachaytrail.com\/tienda\/22k\/lachay-trail-22k\/","url":"https:\/\/lachaytrail.com\/tienda\/22k\/lachay-trail-22k\/","name":"Lachay Trail 22K - Lachay","isPartOf":{"@id":"https:\/\/lachaytrail.com\/#website"},"primaryImageOfPage":{"@id":"https:\/\/lachaytrail.com\/tienda\/22k\/lachay-trail-22k\/#primaryimage"},"image":{"@id":"https:\/\/lachaytrail.com\/tienda\/22k\/lachay-trail-22k\/#primaryimage"},"thumbnailUrl":"https:\/\/lachaytrail.com\/wp-content\/uploads\/2022\/03\/22K-1.jpg","datePublished":"2022-02-26T16:22:23+00:00","dateModified":"2026-02-24T02:11:53+00:00","description":"Lachay Trail 22K es una carrera ideal para inicirse en el trail y corredores que buscan una ruta din\u00e1mica, r\u00e1pida y con un terreno variado.","breadcrumb":{"@id":"https:\/\/lachaytrail.com\/tienda\/22k\/lachay-trail-22k\/#breadcrumb"},"inLanguage":"en-US","potentialAction":[{"@type":"ReadAction","target":["https:\/\/lachaytrail.com\/tienda\/22k\/lachay-trail-22k\/"]}]},{"@type":"ImageObject","inLanguage":"en-US","@id":"https:\/\/lachaytrail.com\/tienda\/22k\/lachay-trail-22k\/#primaryimage","url":"https:\/\/lachaytrail.com\/wp-content\/uploads\/2022\/03\/22K-1.jpg","contentUrl":"https:\/\/lachaytrail.com\/wp-content\/uploads\/2022\/03\/22K-1.jpg","width":400,"height":400},{"@type":"BreadcrumbList","@id":"https:\/\/lachaytrail.com\/tienda\/22k\/lachay-trail-22k\/#breadcrumb","itemListElement":[{"@type":"ListItem","position":1,"name":"Home","item":"https:\/\/lachaytrail.com\/"},{"@type":"ListItem","position":2,"name":"Tienda","item":"https:\/\/lachaytrail.com\/tienda\/"},{"@type":"ListItem","position":3,"name":"Lachay Trail 22K"}]},{"@type":"WebSite","@id":"https:\/\/lachaytrail.com\/#website","url":"https:\/\/lachaytrail.com\/","name":"Lachay","description":"Vive la experienecia","potentialAction":[{"@type":"SearchAction","target":{"@type":"EntryPoint","urlTemplate":"https:\/\/lachaytrail.com\/?s={search_term_string}"},"query-input":{"@type":"PropertyValueSpecification","valueRequired":true,"valueName":"search_term_string"}}],"inLanguage":"en-US"}]}},"jetpack_sharing_enabled":true,"_links":{"self":[{"href":"https:\/\/lachaytrail.com\/en\/wp-json\/wp\/v2\/product\/864","targetHints":{"allow":["GET"]}}],"collection":[{"href":"https:\/\/lachaytrail.com\/en\/wp-json\/wp\/v2\/product"}],"about":[{"href":"https:\/\/lachaytrail.com\/en\/wp-json\/wp\/v2\/types\/product"}],"wp:featuredmedia":[{"embeddable":true,"href":"https:\/\/lachaytrail.com\/en\/wp-json\/wp\/v2\/media\/2608"}],"wp:attachment":[{"href":"https:\/\/lachaytrail.com\/en\/wp-json\/wp\/v2\/media?parent=864"}],"wp:term":[{"taxonomy":"product_brand","embeddable":true,"href":"https:\/\/lachaytrail.com\/en\/wp-json\/wp\/v2\/product_brand?post=864"},{"taxonomy":"product_cat","embeddable":true,"href":"https:\/\/lachaytrail.com\/en\/wp-json\/wp\/v2\/product_cat?post=864"},{"taxonomy":"product_tag","embeddable":true,"href":"https:\/\/lachaytrail.com\/en\/wp-json\/wp\/v2\/product_tag?post=864"}],"curies":[{"name":"wp","href":"https:\/\/api.w.org\/{rel}","templated":true}]}}