{"id":5078,"date":"2023-04-04T14:42:58","date_gmt":"2023-04-04T14:42:58","guid":{"rendered":"https:\/\/lachaytrail.com\/?post_type=product&#038;p=5078"},"modified":"2025-10-24T01:15:04","modified_gmt":"2025-10-24T01:15:04","slug":"lachay-trail-5k-transporte","status":"publish","type":"product","link":"https:\/\/lachaytrail.com\/en\/tienda\/10k\/lachay-trail-5k-transporte\/","title":{"rendered":"Lachay Trail 5K + Transporte"},"content":{"rendered":"<p>Lachay Trail 5Kes una carrera de trail running que se desarrolla en la Reserva Nacional de Lachay, en un escenario que cuenta con uno de los paisajes m\u00e1s bellos de la costa peruana. Lachay est\u00e1 ubicada a 95km al norte de la ciudad de Lima y que cuenta con tres distancias de 5K, 10K y 22K.<\/p>\n<p>Esta es una carrera de trail es fue dise\u00f1ad para quienes quieran hacer una ruta r\u00e1pida, y para\u00a0<a href=\"https:\/\/outdoorsmagazine.pe\/5-carreras-esenciales-para-iniciarse-en-el-trail\/\">corredores de pista que se quieran iniciarse en el trail running<\/a>, ya que es una ruta bastante amigable para personas que con poca experiencia en este deporte. La carrera se desarrolla por parte de los senderos de la reserva y cuenta con algunas zonas de cerros y desierto, d\u00e1ndoles de probar a los corredores todo tipo de terreno a lo largo de la ruta.<\/p>\n<p>Su cercan\u00eda a la ciudad la hace muy accesible para todas las personas. Lachay es ideal para pasar un d\u00eda con toda la familia. Mientras los participantes corren, la familia o amigos que los acompa\u00f1en pueden aprovechar para conocer este para\u00edso en medio del desierto lleno de flora y fauna.<\/p>\n<p>&nbsp;<\/p>","protected":false},"excerpt":{"rendered":"<p><span style=\"vertical-align: inherit;\"><span style=\"vertical-align: inherit;\">Lachay Trail 5K crosscountry, nace de nuestra constante b\u00fasqueda de que m\u00e1s corredores prueben el trail running. Esta nueva ruta es muy amigable, casi sin desnivel positivo y con rutas amplias y seguras,\u00a0 lo que la convierten en una carrera ideal para aquellos que se quieran iniciar en este deporte.<\/span><\/span><\/p>","protected":false},"featured_media":5082,"template":"","meta":[],"product_brand":[],"product_cat":[19],"product_tag":[],"class_list":{"0":"post-5078","1":"product","2":"type-product","3":"status-publish","4":"has-post-thumbnail","6":"product_cat-10k","8":"first","9":"outofstock","10":"sold-individually","11":"shipping-taxable","12":"purchasable","13":"product-type-simple"},"yoast_head":"<!-- This site is optimized with the Yoast SEO plugin v27.4 - https:\/\/yoast.com\/product\/yoast-seo-wordpress\/ -->\n<title>Lachay Trail 5K + Transporte - Lachay<\/title>\n<meta name=\"description\" content=\"Lachay Trail 10K es una excelente opci\u00f3n para corredores que quieran probar el trail running o par corredores de trail con poca experiencia.\" \/>\n<meta name=\"robots\" content=\"index, follow, max-snippet:-1, max-image-preview:large, max-video-preview:-1\" \/>\n<link rel=\"canonical\" href=\"https:\/\/lachaytrail.com\/en\/tienda\/10k\/lachay-trail-5k-transporte\/\" \/>\n<meta property=\"og:locale\" content=\"en_US\" \/>\n<meta property=\"og:type\" content=\"article\" \/>\n<meta property=\"og:title\" content=\"Lachay Trail 5K + Transporte - Lachay\" \/>\n<meta property=\"og:description\" content=\"Lachay Trail 10K es una excelente opci\u00f3n para corredores que quieran probar el trail running o par corredores de trail con poca experiencia.\" \/>\n<meta property=\"og:url\" content=\"https:\/\/lachaytrail.com\/en\/tienda\/10k\/lachay-trail-5k-transporte\/\" \/>\n<meta property=\"og:site_name\" content=\"Lachay\" \/>\n<meta property=\"article:modified_time\" content=\"2025-10-24T01:15:04+00:00\" \/>\n<meta property=\"og:image\" content=\"https:\/\/lachaytrail.com\/wp-content\/uploads\/2023\/04\/5K-Producto.png\" \/>\n\t<meta property=\"og:image:width\" content=\"1080\" \/>\n\t<meta property=\"og:image:height\" content=\"1080\" \/>\n\t<meta property=\"og:image:type\" content=\"image\/png\" \/>\n<meta name=\"twitter:card\" content=\"summary_large_image\" \/>\n<meta name=\"twitter:label1\" content=\"Est. reading time\" \/>\n\t<meta name=\"twitter:data1\" content=\"2 minutes\" \/>\n<script type=\"application\/ld+json\" class=\"yoast-schema-graph\">{\"@context\":\"https:\\\/\\\/schema.org\",\"@graph\":[{\"@type\":\"WebPage\",\"@id\":\"https:\\\/\\\/lachaytrail.com\\\/tienda\\\/10k\\\/lachay-trail-5k-transporte\\\/\",\"url\":\"https:\\\/\\\/lachaytrail.com\\\/tienda\\\/10k\\\/lachay-trail-5k-transporte\\\/\",\"name\":\"Lachay Trail 5K + Transporte - Lachay\",\"isPartOf\":{\"@id\":\"https:\\\/\\\/lachaytrail.com\\\/#website\"},\"primaryImageOfPage\":{\"@id\":\"https:\\\/\\\/lachaytrail.com\\\/tienda\\\/10k\\\/lachay-trail-5k-transporte\\\/#primaryimage\"},\"image\":{\"@id\":\"https:\\\/\\\/lachaytrail.com\\\/tienda\\\/10k\\\/lachay-trail-5k-transporte\\\/#primaryimage\"},\"thumbnailUrl\":\"https:\\\/\\\/lachaytrail.com\\\/wp-content\\\/uploads\\\/2023\\\/04\\\/5K-Producto.png\",\"datePublished\":\"2023-04-04T14:42:58+00:00\",\"dateModified\":\"2025-10-24T01:15:04+00:00\",\"description\":\"Lachay Trail 10K es una excelente opci\u00f3n para corredores que quieran probar el trail running o par corredores de trail con poca experiencia.\",\"breadcrumb\":{\"@id\":\"https:\\\/\\\/lachaytrail.com\\\/tienda\\\/10k\\\/lachay-trail-5k-transporte\\\/#breadcrumb\"},\"inLanguage\":\"en-US\",\"potentialAction\":[{\"@type\":\"ReadAction\",\"target\":[\"https:\\\/\\\/lachaytrail.com\\\/tienda\\\/10k\\\/lachay-trail-5k-transporte\\\/\"]}]},{\"@type\":\"ImageObject\",\"inLanguage\":\"en-US\",\"@id\":\"https:\\\/\\\/lachaytrail.com\\\/tienda\\\/10k\\\/lachay-trail-5k-transporte\\\/#primaryimage\",\"url\":\"https:\\\/\\\/lachaytrail.com\\\/wp-content\\\/uploads\\\/2023\\\/04\\\/5K-Producto.png\",\"contentUrl\":\"https:\\\/\\\/lachaytrail.com\\\/wp-content\\\/uploads\\\/2023\\\/04\\\/5K-Producto.png\",\"width\":1080,\"height\":1080},{\"@type\":\"BreadcrumbList\",\"@id\":\"https:\\\/\\\/lachaytrail.com\\\/tienda\\\/10k\\\/lachay-trail-5k-transporte\\\/#breadcrumb\",\"itemListElement\":[{\"@type\":\"ListItem\",\"position\":1,\"name\":\"Home\",\"item\":\"https:\\\/\\\/lachaytrail.com\\\/\"},{\"@type\":\"ListItem\",\"position\":2,\"name\":\"Tienda\",\"item\":\"https:\\\/\\\/lachaytrail.com\\\/tienda\\\/\"},{\"@type\":\"ListItem\",\"position\":3,\"name\":\"Lachay Trail 5K + Transporte\"}]},{\"@type\":\"WebSite\",\"@id\":\"https:\\\/\\\/lachaytrail.com\\\/#website\",\"url\":\"https:\\\/\\\/lachaytrail.com\\\/\",\"name\":\"Lachay\",\"description\":\"Vive la experienecia\",\"potentialAction\":[{\"@type\":\"SearchAction\",\"target\":{\"@type\":\"EntryPoint\",\"urlTemplate\":\"https:\\\/\\\/lachaytrail.com\\\/?s={search_term_string}\"},\"query-input\":{\"@type\":\"PropertyValueSpecification\",\"valueRequired\":true,\"valueName\":\"search_term_string\"}}],\"inLanguage\":\"en-US\"}]}<\/script>\n<!-- \/ Yoast SEO plugin. -->","yoast_head_json":{"title":"Lachay Trail 5K + Transporte - Lachay","description":"Lachay Trail 10K es una excelente opci\u00f3n para corredores que quieran probar el trail running o par corredores de trail con poca experiencia.","robots":{"index":"index","follow":"follow","max-snippet":"max-snippet:-1","max-image-preview":"max-image-preview:large","max-video-preview":"max-video-preview:-1"},"canonical":"https:\/\/lachaytrail.com\/en\/tienda\/10k\/lachay-trail-5k-transporte\/","og_locale":"en_US","og_type":"article","og_title":"Lachay Trail 5K + Transporte - Lachay","og_description":"Lachay Trail 10K es una excelente opci\u00f3n para corredores que quieran probar el trail running o par corredores de trail con poca experiencia.","og_url":"https:\/\/lachaytrail.com\/en\/tienda\/10k\/lachay-trail-5k-transporte\/","og_site_name":"Lachay","article_modified_time":"2025-10-24T01:15:04+00:00","og_image":[{"width":1080,"height":1080,"url":"https:\/\/lachaytrail.com\/wp-content\/uploads\/2023\/04\/5K-Producto.png","type":"image\/png"}],"twitter_card":"summary_large_image","twitter_misc":{"Est. reading time":"2 minutes"},"schema":{"@context":"https:\/\/schema.org","@graph":[{"@type":"WebPage","@id":"https:\/\/lachaytrail.com\/tienda\/10k\/lachay-trail-5k-transporte\/","url":"https:\/\/lachaytrail.com\/tienda\/10k\/lachay-trail-5k-transporte\/","name":"Lachay Trail 5K + Transporte - Lachay","isPartOf":{"@id":"https:\/\/lachaytrail.com\/#website"},"primaryImageOfPage":{"@id":"https:\/\/lachaytrail.com\/tienda\/10k\/lachay-trail-5k-transporte\/#primaryimage"},"image":{"@id":"https:\/\/lachaytrail.com\/tienda\/10k\/lachay-trail-5k-transporte\/#primaryimage"},"thumbnailUrl":"https:\/\/lachaytrail.com\/wp-content\/uploads\/2023\/04\/5K-Producto.png","datePublished":"2023-04-04T14:42:58+00:00","dateModified":"2025-10-24T01:15:04+00:00","description":"Lachay Trail 10K es una excelente opci\u00f3n para corredores que quieran probar el trail running o par corredores de trail con poca experiencia.","breadcrumb":{"@id":"https:\/\/lachaytrail.com\/tienda\/10k\/lachay-trail-5k-transporte\/#breadcrumb"},"inLanguage":"en-US","potentialAction":[{"@type":"ReadAction","target":["https:\/\/lachaytrail.com\/tienda\/10k\/lachay-trail-5k-transporte\/"]}]},{"@type":"ImageObject","inLanguage":"en-US","@id":"https:\/\/lachaytrail.com\/tienda\/10k\/lachay-trail-5k-transporte\/#primaryimage","url":"https:\/\/lachaytrail.com\/wp-content\/uploads\/2023\/04\/5K-Producto.png","contentUrl":"https:\/\/lachaytrail.com\/wp-content\/uploads\/2023\/04\/5K-Producto.png","width":1080,"height":1080},{"@type":"BreadcrumbList","@id":"https:\/\/lachaytrail.com\/tienda\/10k\/lachay-trail-5k-transporte\/#breadcrumb","itemListElement":[{"@type":"ListItem","position":1,"name":"Home","item":"https:\/\/lachaytrail.com\/"},{"@type":"ListItem","position":2,"name":"Tienda","item":"https:\/\/lachaytrail.com\/tienda\/"},{"@type":"ListItem","position":3,"name":"Lachay Trail 5K + Transporte"}]},{"@type":"WebSite","@id":"https:\/\/lachaytrail.com\/#website","url":"https:\/\/lachaytrail.com\/","name":"Lachay","description":"Vive la experienecia","potentialAction":[{"@type":"SearchAction","target":{"@type":"EntryPoint","urlTemplate":"https:\/\/lachaytrail.com\/?s={search_term_string}"},"query-input":{"@type":"PropertyValueSpecification","valueRequired":true,"valueName":"search_term_string"}}],"inLanguage":"en-US"}]}},"jetpack_sharing_enabled":true,"_links":{"self":[{"href":"https:\/\/lachaytrail.com\/en\/wp-json\/wp\/v2\/product\/5078","targetHints":{"allow":["GET"]}}],"collection":[{"href":"https:\/\/lachaytrail.com\/en\/wp-json\/wp\/v2\/product"}],"about":[{"href":"https:\/\/lachaytrail.com\/en\/wp-json\/wp\/v2\/types\/product"}],"wp:featuredmedia":[{"embeddable":true,"href":"https:\/\/lachaytrail.com\/en\/wp-json\/wp\/v2\/media\/5082"}],"wp:attachment":[{"href":"https:\/\/lachaytrail.com\/en\/wp-json\/wp\/v2\/media?parent=5078"}],"wp:term":[{"taxonomy":"product_brand","embeddable":true,"href":"https:\/\/lachaytrail.com\/en\/wp-json\/wp\/v2\/product_brand?post=5078"},{"taxonomy":"product_cat","embeddable":true,"href":"https:\/\/lachaytrail.com\/en\/wp-json\/wp\/v2\/product_cat?post=5078"},{"taxonomy":"product_tag","embeddable":true,"href":"https:\/\/lachaytrail.com\/en\/wp-json\/wp\/v2\/product_tag?post=5078"}],"curies":[{"name":"wp","href":"https:\/\/api.w.org\/{rel}","templated":true}]}}