{"id":960,"date":"2022-03-03T15:29:48","date_gmt":"2022-03-03T15:29:48","guid":{"rendered":"https:\/\/lachaytrail.com\/?page_id=960"},"modified":"2025-10-13T16:12:25","modified_gmt":"2025-10-13T16:12:25","slug":"responsabilidad-medioambiental","status":"publish","type":"page","link":"https:\/\/lachaytrail.com\/en\/responsabilidad-medioambiental\/","title":{"rendered":"Responsabilidad Medioambiental"},"content":{"rendered":"<div data-elementor-type=\"wp-page\" data-elementor-id=\"960\" class=\"elementor elementor-960\" data-elementor-settings=\"{&quot;ha_cmc_init_switcher&quot;:&quot;no&quot;}\" data-elementor-post-type=\"page\">\n\t\t\t\t\t\t<section class=\"elementor-section elementor-top-section elementor-element elementor-element-e5cefde elementor-section-full_width elementor-section-height-min-height elementor-section-stretched elementor-section-height-default elementor-section-items-middle wd-section-disabled\" data-id=\"e5cefde\" data-element_type=\"section\" data-settings=\"{&quot;stretch_section&quot;:&quot;section-stretched&quot;,&quot;background_background&quot;:&quot;slideshow&quot;,&quot;background_slideshow_gallery&quot;:[{&quot;id&quot;:266,&quot;url&quot;:&quot;https:\\\/\\\/lachaytrail.com\\\/wp-content\\\/uploads\\\/2022\\\/02\\\/portada-lachay-1.jpg&quot;}],&quot;background_slideshow_loop&quot;:&quot;yes&quot;,&quot;background_slideshow_slide_duration&quot;:5000,&quot;background_slideshow_slide_transition&quot;:&quot;fade&quot;,&quot;background_slideshow_transition_duration&quot;:500,&quot;_ha_eqh_enable&quot;:false}\">\n\t\t\t\t\t\t<div class=\"elementor-container elementor-column-gap-default\">\n\t\t\t\t\t<div class=\"elementor-column elementor-col-100 elementor-top-column elementor-element elementor-element-9e237d7\" data-id=\"9e237d7\" data-element_type=\"column\">\n\t\t\t<div class=\"elementor-widget-wrap elementor-element-populated\">\n\t\t\t\t\t\t<div class=\"elementor-element elementor-element-10c584e elementor-widget elementor-widget-heading\" data-id=\"10c584e\" data-element_type=\"widget\" data-widget_type=\"heading.default\">\n\t\t\t\t<div class=\"elementor-widget-container\">\n\t\t\t\t\t<h2 class=\"elementor-heading-title elementor-size-default\">Responsabilidad Medioambiental<\/h2>\t\t\t\t<\/div>\n\t\t\t\t<\/div>\n\t\t\t\t\t<\/div>\n\t\t<\/div>\n\t\t\t\t\t<\/div>\n\t\t<\/section>\n\t\t\t\t<section class=\"elementor-section elementor-top-section elementor-element elementor-element-23989ce elementor-section-stretched elementor-section-boxed elementor-section-height-default elementor-section-height-default wd-section-disabled\" data-id=\"23989ce\" data-element_type=\"section\" data-settings=\"{&quot;stretch_section&quot;:&quot;section-stretched&quot;,&quot;_ha_eqh_enable&quot;:false}\">\n\t\t\t\t\t\t<div class=\"elementor-container elementor-column-gap-default\">\n\t\t\t\t\t<div class=\"elementor-column elementor-col-50 elementor-top-column elementor-element elementor-element-2f4189f\" data-id=\"2f4189f\" data-element_type=\"column\" data-settings=\"{&quot;background_background&quot;:&quot;classic&quot;}\">\n\t\t\t<div class=\"elementor-widget-wrap elementor-element-populated\">\n\t\t\t\t\t\t<div class=\"elementor-element elementor-element-8b31a4a elementor-widget elementor-widget-spacer\" data-id=\"8b31a4a\" data-element_type=\"widget\" data-widget_type=\"spacer.default\">\n\t\t\t\t<div class=\"elementor-widget-container\">\n\t\t\t\t\t\t\t<div class=\"elementor-spacer\">\n\t\t\t<div class=\"elementor-spacer-inner\"><\/div>\n\t\t<\/div>\n\t\t\t\t\t\t<\/div>\n\t\t\t\t<\/div>\n\t\t\t\t\t<\/div>\n\t\t<\/div>\n\t\t\t\t<div class=\"elementor-column elementor-col-50 elementor-top-column elementor-element elementor-element-758ee4d\" data-id=\"758ee4d\" data-element_type=\"column\">\n\t\t\t<div class=\"elementor-widget-wrap elementor-element-populated\">\n\t\t\t\t\t\t<div class=\"elementor-element elementor-element-3fefead color-scheme-inherit text-left elementor-widget elementor-widget-text-editor\" data-id=\"3fefead\" data-element_type=\"widget\" data-widget_type=\"text-editor.default\">\n\t\t\t\t<div class=\"elementor-widget-container\">\n\t\t\t\t\t\t\t\t\t<p style=\"margin-bottom: 0cm;\"><span lang=\"ES-MX\">Para poder realizar una carrera de trail en la Reserva Nacional de Lachay, la organizaci\u00f3n tiene que cumplir con una serie de requisitos y procedimientos que vayan acorde a los lineamientos de la reserva, entre ellos los medio ambientales, que nos permiten ser sostenibles en el tiempo.<br \/><\/span><\/p><p style=\"margin-bottom: 0cm;\"><span lang=\"ES-MX\">\u00a0<\/span><\/p><p style=\"margin-bottom: 0cm;\"><span lang=\"ES-MX\">Desde el 2018, a\u00f1o en que se realiz\u00f3 la primera edici\u00f3n de Lachay Trail, hemos trabajado de manera constante, no solo en promocionar este destino tur\u00edstico, sino en mejorarlo. Hemos ubicado junto con la gente del SERNANP, zonas fuera del circuito tur\u00edstico, donde llega basura tra\u00edda desde la carretera por el<br \/>viento y se viene acumulando desde hace muchos a\u00f1os, realizando all\u00ed trabajos de limpieza todos los a\u00f1os. <\/span><\/p><p style=\"margin-bottom: 0cm;\"><span lang=\"ES-MX\">\u00a0<\/span><\/p><p style=\"margin-bottom: 0cm;\"><span lang=\"ES-MX\">Dentro de esta l\u00ednea, desde nuestra primera edici\u00f3n, aplicamos normas que utilizamos en el Andes Race en Cusco, donde eliminamos desde el 2016, todo tipo de envase descartable en ruta, solicitando a los corredores sus propios envases para hidrataci\u00f3n, por ejemplo. <\/span><\/p><p style=\"margin-bottom: 0cm;\"><span lang=\"ES-MX\">\u00a0<\/span><\/p><p style=\"margin-bottom: 0cm;\"><span lang=\"ES-MX\">A partir de este a\u00f1o, y continuando con este compromiso, nos alegra anunciarles que\u00a0<a href=\"https:\/\/makita.pe\/\" target=\"_blank\" rel=\"noopener\">Makita<\/a> nos acompa\u00f1ar\u00e1 todo el 2022, tanto en Andes Race como en las dos fechas de Lachay Trail. Los productos de Makita nos permitir\u00e1n utilizar productos electro port\u00e1tiles dentro de nuestra log\u00edstica, sobre todo<br \/>en temas de iluminaci\u00f3n, permiti\u00e9ndonos de esta manera, reducir la utilizaci\u00f3n de generadores a gasolina y disminuir la contaminaci\u00f3n sonora en la reserva.\u00a0 <\/span><\/p><p style=\"margin-bottom: 0cm;\"><span lang=\"ES-MX\">\u00a0<\/span><\/p><p style=\"margin-bottom: 0cm;\"><span lang=\"ES-MX\">La <b>portabilidad y practicidad de este tipo de productos<\/b>, nos permite optimizar toda nuestra log\u00edstica en general. De esta manera, movilizamos cada vez menos volumen de carga en cada evento que realicemos, disminuyendo as\u00ed nuestra huella de carbono dentro de la operaci\u00f3n de cada carrera.\u00a0 <\/span><\/p><p style=\"margin-bottom: 0cm;\"><span lang=\"ES-MX\">\u00a0<\/span><\/p><p style=\"margin-bottom: 0cm;\"><span lang=\"ES-MX\">Aqu\u00ed algunos de los productos Makita que nos va ha permitir ser una carrera cada vez m\u00e1s amigable con el medio ambiente.\u00a0<\/span><\/p>\t\t\t\t\t\t\t\t<\/div>\n\t\t\t\t<\/div>\n\t\t\t\t\t<\/div>\n\t\t<\/div>\n\t\t\t\t\t<\/div>\n\t\t<\/section>\n\t\t\t\t<section class=\"elementor-section elementor-top-section elementor-element elementor-element-6b0afed elementor-section-stretched elementor-section-height-min-height elementor-section-boxed elementor-section-height-default elementor-section-items-middle wd-section-disabled\" data-id=\"6b0afed\" data-element_type=\"section\" data-settings=\"{&quot;stretch_section&quot;:&quot;section-stretched&quot;,&quot;background_background&quot;:&quot;classic&quot;,&quot;_ha_eqh_enable&quot;:false}\">\n\t\t\t\t\t\t<div class=\"elementor-container elementor-column-gap-default\">\n\t\t\t\t\t<div class=\"elementor-column elementor-col-100 elementor-top-column elementor-element elementor-element-e13542d\" data-id=\"e13542d\" data-element_type=\"column\">\n\t\t\t<div class=\"elementor-widget-wrap elementor-element-populated\">\n\t\t\t\t\t\t<div class=\"elementor-element elementor-element-745625f elementor-widget elementor-widget-spacer\" data-id=\"745625f\" data-element_type=\"widget\" data-widget_type=\"spacer.default\">\n\t\t\t\t<div class=\"elementor-widget-container\">\n\t\t\t\t\t\t\t<div class=\"elementor-spacer\">\n\t\t\t<div class=\"elementor-spacer-inner\"><\/div>\n\t\t<\/div>\n\t\t\t\t\t\t<\/div>\n\t\t\t\t<\/div>\n\t\t\t\t\t<\/div>\n\t\t<\/div>\n\t\t\t\t\t<\/div>\n\t\t<\/section>\n\t\t\t\t<\/div>","protected":false},"excerpt":{"rendered":"<p>Responsabilidad Medioambiental Para poder realizar una carrera de trail en la Reserva Nacional de Lachay, la organizaci\u00f3n tiene que cumplir<\/p>","protected":false},"author":1,"featured_media":0,"parent":0,"menu_order":0,"comment_status":"closed","ping_status":"closed","template":"elementor_header_footer","meta":{"footnotes":""},"class_list":["post-960","page","type-page","status-publish","hentry"],"yoast_head":"<!-- This site is optimized with the Yoast SEO plugin v27.4 - https:\/\/yoast.com\/product\/yoast-seo-wordpress\/ -->\n<title>Responsabilidad Medioambiental - Lachay<\/title>\n<meta name=\"robots\" content=\"index, follow, max-snippet:-1, max-image-preview:large, max-video-preview:-1\" \/>\n<link rel=\"canonical\" href=\"https:\/\/lachaytrail.com\/en\/responsabilidad-medioambiental\/\" \/>\n<meta property=\"og:locale\" content=\"en_US\" \/>\n<meta property=\"og:type\" content=\"article\" \/>\n<meta property=\"og:title\" content=\"Responsabilidad Medioambiental - Lachay\" \/>\n<meta property=\"og:description\" content=\"Responsabilidad Medioambiental Para poder realizar una carrera de trail en la Reserva Nacional de Lachay, la organizaci\u00f3n tiene que cumplir\" \/>\n<meta property=\"og:url\" content=\"https:\/\/lachaytrail.com\/en\/responsabilidad-medioambiental\/\" \/>\n<meta property=\"og:site_name\" content=\"Lachay\" \/>\n<meta property=\"article:modified_time\" content=\"2025-10-13T16:12:25+00:00\" \/>\n<meta name=\"twitter:card\" content=\"summary_large_image\" \/>\n<meta name=\"twitter:label1\" content=\"Est. reading time\" \/>\n\t<meta name=\"twitter:data1\" content=\"2 minutes\" \/>\n<script type=\"application\/ld+json\" class=\"yoast-schema-graph\">{\"@context\":\"https:\\\/\\\/schema.org\",\"@graph\":[{\"@type\":\"WebPage\",\"@id\":\"https:\\\/\\\/lachaytrail.com\\\/responsabilidad-medioambiental\\\/\",\"url\":\"https:\\\/\\\/lachaytrail.com\\\/responsabilidad-medioambiental\\\/\",\"name\":\"Responsabilidad Medioambiental - Lachay\",\"isPartOf\":{\"@id\":\"https:\\\/\\\/lachaytrail.com\\\/#website\"},\"datePublished\":\"2022-03-03T15:29:48+00:00\",\"dateModified\":\"2025-10-13T16:12:25+00:00\",\"breadcrumb\":{\"@id\":\"https:\\\/\\\/lachaytrail.com\\\/responsabilidad-medioambiental\\\/#breadcrumb\"},\"inLanguage\":\"en-US\",\"potentialAction\":[{\"@type\":\"ReadAction\",\"target\":[\"https:\\\/\\\/lachaytrail.com\\\/responsabilidad-medioambiental\\\/\"]}]},{\"@type\":\"BreadcrumbList\",\"@id\":\"https:\\\/\\\/lachaytrail.com\\\/responsabilidad-medioambiental\\\/#breadcrumb\",\"itemListElement\":[{\"@type\":\"ListItem\",\"position\":1,\"name\":\"Home\",\"item\":\"https:\\\/\\\/lachaytrail.com\\\/\"},{\"@type\":\"ListItem\",\"position\":2,\"name\":\"Responsabilidad Medioambiental\"}]},{\"@type\":\"WebSite\",\"@id\":\"https:\\\/\\\/lachaytrail.com\\\/#website\",\"url\":\"https:\\\/\\\/lachaytrail.com\\\/\",\"name\":\"Lachay\",\"description\":\"Vive la experienecia\",\"potentialAction\":[{\"@type\":\"SearchAction\",\"target\":{\"@type\":\"EntryPoint\",\"urlTemplate\":\"https:\\\/\\\/lachaytrail.com\\\/?s={search_term_string}\"},\"query-input\":{\"@type\":\"PropertyValueSpecification\",\"valueRequired\":true,\"valueName\":\"search_term_string\"}}],\"inLanguage\":\"en-US\"}]}<\/script>\n<!-- \/ Yoast SEO plugin. -->","yoast_head_json":{"title":"Responsabilidad Medioambiental - Lachay","robots":{"index":"index","follow":"follow","max-snippet":"max-snippet:-1","max-image-preview":"max-image-preview:large","max-video-preview":"max-video-preview:-1"},"canonical":"https:\/\/lachaytrail.com\/en\/responsabilidad-medioambiental\/","og_locale":"en_US","og_type":"article","og_title":"Responsabilidad Medioambiental - Lachay","og_description":"Responsabilidad Medioambiental Para poder realizar una carrera de trail en la Reserva Nacional de Lachay, la organizaci\u00f3n tiene que cumplir","og_url":"https:\/\/lachaytrail.com\/en\/responsabilidad-medioambiental\/","og_site_name":"Lachay","article_modified_time":"2025-10-13T16:12:25+00:00","twitter_card":"summary_large_image","twitter_misc":{"Est. reading time":"2 minutes"},"schema":{"@context":"https:\/\/schema.org","@graph":[{"@type":"WebPage","@id":"https:\/\/lachaytrail.com\/responsabilidad-medioambiental\/","url":"https:\/\/lachaytrail.com\/responsabilidad-medioambiental\/","name":"Responsabilidad Medioambiental - Lachay","isPartOf":{"@id":"https:\/\/lachaytrail.com\/#website"},"datePublished":"2022-03-03T15:29:48+00:00","dateModified":"2025-10-13T16:12:25+00:00","breadcrumb":{"@id":"https:\/\/lachaytrail.com\/responsabilidad-medioambiental\/#breadcrumb"},"inLanguage":"en-US","potentialAction":[{"@type":"ReadAction","target":["https:\/\/lachaytrail.com\/responsabilidad-medioambiental\/"]}]},{"@type":"BreadcrumbList","@id":"https:\/\/lachaytrail.com\/responsabilidad-medioambiental\/#breadcrumb","itemListElement":[{"@type":"ListItem","position":1,"name":"Home","item":"https:\/\/lachaytrail.com\/"},{"@type":"ListItem","position":2,"name":"Responsabilidad Medioambiental"}]},{"@type":"WebSite","@id":"https:\/\/lachaytrail.com\/#website","url":"https:\/\/lachaytrail.com\/","name":"Lachay","description":"Vive la experienecia","potentialAction":[{"@type":"SearchAction","target":{"@type":"EntryPoint","urlTemplate":"https:\/\/lachaytrail.com\/?s={search_term_string}"},"query-input":{"@type":"PropertyValueSpecification","valueRequired":true,"valueName":"search_term_string"}}],"inLanguage":"en-US"}]}},"jetpack_sharing_enabled":true,"_links":{"self":[{"href":"https:\/\/lachaytrail.com\/en\/wp-json\/wp\/v2\/pages\/960","targetHints":{"allow":["GET"]}}],"collection":[{"href":"https:\/\/lachaytrail.com\/en\/wp-json\/wp\/v2\/pages"}],"about":[{"href":"https:\/\/lachaytrail.com\/en\/wp-json\/wp\/v2\/types\/page"}],"author":[{"embeddable":true,"href":"https:\/\/lachaytrail.com\/en\/wp-json\/wp\/v2\/users\/1"}],"replies":[{"embeddable":true,"href":"https:\/\/lachaytrail.com\/en\/wp-json\/wp\/v2\/comments?post=960"}],"version-history":[{"count":48,"href":"https:\/\/lachaytrail.com\/en\/wp-json\/wp\/v2\/pages\/960\/revisions"}],"predecessor-version":[{"id":8817,"href":"https:\/\/lachaytrail.com\/en\/wp-json\/wp\/v2\/pages\/960\/revisions\/8817"}],"wp:attachment":[{"href":"https:\/\/lachaytrail.com\/en\/wp-json\/wp\/v2\/media?parent=960"}],"curies":[{"name":"wp","href":"https:\/\/api.w.org\/{rel}","templated":true}]}}