{"id":810,"date":"2022-02-25T22:19:54","date_gmt":"2022-02-25T22:19:54","guid":{"rendered":"https:\/\/lachaytrail.com\/?page_id=810"},"modified":"2025-10-13T16:18:24","modified_gmt":"2025-10-13T16:18:24","slug":"quienes-somos","status":"publish","type":"page","link":"https:\/\/lachaytrail.com\/en\/quienes-somos\/","title":{"rendered":"\u00bfQui\u00e9nes somos?"},"content":{"rendered":"<div data-elementor-type=\"wp-page\" data-elementor-id=\"810\" class=\"elementor elementor-810\" data-elementor-settings=\"{&quot;ha_cmc_init_switcher&quot;:&quot;no&quot;}\" data-elementor-post-type=\"page\">\n\t\t\t\t\t\t<section class=\"elementor-section elementor-top-section elementor-element elementor-element-9094390 elementor-section-height-min-height elementor-section-stretched elementor-section-boxed elementor-section-height-default elementor-section-items-middle wd-section-disabled\" data-id=\"9094390\" data-element_type=\"section\" data-settings=\"{&quot;stretch_section&quot;:&quot;section-stretched&quot;,&quot;background_background&quot;:&quot;slideshow&quot;,&quot;background_slideshow_slide_transition&quot;:&quot;slide_left&quot;,&quot;background_slideshow_gallery&quot;:[{&quot;id&quot;:1222,&quot;url&quot;:&quot;https:\\\/\\\/lachaytrail.com\\\/wp-content\\\/uploads\\\/2022\\\/03\\\/portada-quienes-somos-lachay-2.jpg&quot;},{&quot;id&quot;:1223,&quot;url&quot;:&quot;https:\\\/\\\/lachaytrail.com\\\/wp-content\\\/uploads\\\/2022\\\/03\\\/portada-quienes-somos-lachay-1.jpg&quot;}],&quot;background_slideshow_loop&quot;:&quot;yes&quot;,&quot;background_slideshow_slide_duration&quot;:5000,&quot;background_slideshow_transition_duration&quot;:500,&quot;_ha_eqh_enable&quot;:false}\">\n\t\t\t\t\t\t\t<div class=\"elementor-background-overlay\"><\/div>\n\t\t\t\t\t\t\t<div class=\"elementor-container elementor-column-gap-default\">\n\t\t\t\t\t<div class=\"elementor-column elementor-col-50 elementor-top-column elementor-element elementor-element-120cc77\" data-id=\"120cc77\" data-element_type=\"column\">\n\t\t\t<div class=\"elementor-widget-wrap elementor-element-populated\">\n\t\t\t\t\t\t<div class=\"elementor-element elementor-element-bfdc107 elementor-widget elementor-widget-heading\" data-id=\"bfdc107\" data-element_type=\"widget\" data-widget_type=\"heading.default\">\n\t\t\t\t<div class=\"elementor-widget-container\">\n\t\t\t\t\t<h1 class=\"elementor-heading-title elementor-size-default\">\u00bfQui\u00e9nes Somos? <\/h1>\t\t\t\t<\/div>\n\t\t\t\t<\/div>\n\t\t\t\t\t<\/div>\n\t\t<\/div>\n\t\t\t\t<div class=\"elementor-column elementor-col-50 elementor-top-column elementor-element elementor-element-23ad35d\" data-id=\"23ad35d\" data-element_type=\"column\">\n\t\t\t<div class=\"elementor-widget-wrap\">\n\t\t\t\t\t\t\t<\/div>\n\t\t<\/div>\n\t\t\t\t\t<\/div>\n\t\t<\/section>\n\t\t\t\t<section class=\"elementor-section elementor-top-section elementor-element elementor-element-7b80000 elementor-section-stretched elementor-section-full_width elementor-section-height-default elementor-section-height-default wd-section-disabled\" data-id=\"7b80000\" data-element_type=\"section\" data-settings=\"{&quot;stretch_section&quot;:&quot;section-stretched&quot;,&quot;_ha_eqh_enable&quot;:false}\">\n\t\t\t\t\t\t<div class=\"elementor-container elementor-column-gap-default\">\n\t\t\t\t\t<div class=\"elementor-column elementor-col-33 elementor-top-column elementor-element elementor-element-77e9ea2\" data-id=\"77e9ea2\" data-element_type=\"column\" data-settings=\"{&quot;background_background&quot;:&quot;classic&quot;}\">\n\t\t\t<div class=\"elementor-widget-wrap\">\n\t\t\t\t\t\t\t<\/div>\n\t\t<\/div>\n\t\t\t\t<div class=\"elementor-column elementor-col-33 elementor-top-column elementor-element elementor-element-666aa63\" data-id=\"666aa63\" data-element_type=\"column\">\n\t\t\t<div class=\"elementor-widget-wrap elementor-element-populated\">\n\t\t\t\t\t\t<div class=\"elementor-element elementor-element-cab2fd3 elementor-widget elementor-widget-image\" data-id=\"cab2fd3\" data-element_type=\"widget\" data-widget_type=\"image.default\">\n\t\t\t\t<div class=\"elementor-widget-container\">\n\t\t\t\t\t\t\t\t\t\t\t\t\t\t\t<img fetchpriority=\"high\" decoding=\"async\" width=\"1024\" height=\"768\" src=\"https:\/\/lachaytrail.com\/wp-content\/uploads\/2022\/03\/4-1024x768-1.jpg\" class=\"attachment-large size-large wp-image-1604\" alt=\"\" srcset=\"https:\/\/lachaytrail.com\/wp-content\/uploads\/2022\/03\/4-1024x768-1.jpg 1024w, https:\/\/lachaytrail.com\/wp-content\/uploads\/2022\/03\/4-1024x768-1-300x225.jpg 300w, https:\/\/lachaytrail.com\/wp-content\/uploads\/2022\/03\/4-1024x768-1-768x576.jpg 768w, https:\/\/lachaytrail.com\/wp-content\/uploads\/2022\/03\/4-1024x768-1-600x450.jpg 600w, https:\/\/lachaytrail.com\/wp-content\/uploads\/2022\/03\/4-1024x768-1-150x113.jpg 150w\" sizes=\"(max-width: 1024px) 100vw, 1024px\" \/>\t\t\t\t\t\t\t\t\t\t\t\t\t\t\t<\/div>\n\t\t\t\t<\/div>\n\t\t\t\t\t<\/div>\n\t\t<\/div>\n\t\t\t\t<div class=\"elementor-column elementor-col-33 elementor-top-column elementor-element elementor-element-f4e241d\" data-id=\"f4e241d\" data-element_type=\"column\">\n\t\t\t<div class=\"elementor-widget-wrap elementor-element-populated\">\n\t\t\t\t\t\t<div class=\"elementor-element elementor-element-3dd87f5 color-scheme-inherit text-left elementor-widget elementor-widget-text-editor\" data-id=\"3dd87f5\" data-element_type=\"widget\" data-widget_type=\"text-editor.default\">\n\t\t\t\t<div class=\"elementor-widget-container\">\n\t\t\t\t\t\t\t\t\t<p>Somos el Grupo Andes Race, y nos dedicamos a la organizaci\u00f3n de carreras de monta\u00f1a desde el 2012. Entre los eventos m\u00e1s importantes, organizamos el <a href=\"https:\/\/youtu.be\/NYoScMRP0gw\" target=\"_blank\" rel=\"noopener\">Andes Race<\/a> en Cusco desde el 2015 y <a href=\"https:\/\/lachaytrail.com\/en\/\" target=\"_blank\" rel=\"noopener\">Lachay Trai<\/a>l desde el 2018.<\/p><p>Durante la pandemia, viendo la necesidad de reinventarnos, fuimos los primeros en organizar carreras virtuales en Per\u00fa con los <a href=\"https:\/\/youtu.be\/w-sumgjwo9E\" target=\"_blank\" rel=\"noopener\">Virtual Chaski Challenge<\/a>.<\/p><p>Nuestro principal objetivo es el desarrollo del trail running en el Per\u00fa, organizando eventos de alta calidad y en lugares \u00fanicos dentro del Per\u00fa. De esta manera desarrollamos no solo el deporte en general, sino un nuevo tipo de turismo alrededor de esta actividad poniendo en valor los lugares a donde llegamos.<\/p>\t\t\t\t\t\t\t\t<\/div>\n\t\t\t\t<\/div>\n\t\t\t\t<div class=\"elementor-element elementor-element-022cf2d color-scheme-inherit text-left elementor-invisible elementor-widget elementor-widget-text-editor\" data-id=\"022cf2d\" data-element_type=\"widget\" data-settings=\"{&quot;_animation&quot;:&quot;fadeInUp&quot;}\" data-widget_type=\"text-editor.default\">\n\t\t\t\t<div class=\"elementor-widget-container\">\n\t\t\t\t\t\t\t\t\t<p style=\"text-align: center;\"><strong>\u00a1Los invitamos a disfrutar de este lindo de deporte junto a nosotros!<\/strong><\/p>\t\t\t\t\t\t\t\t<\/div>\n\t\t\t\t<\/div>\n\t\t\t\t\t<\/div>\n\t\t<\/div>\n\t\t\t\t\t<\/div>\n\t\t<\/section>\n\t\t\t\t<section class=\"elementor-section elementor-top-section elementor-element elementor-element-bf2f231 elementor-section-stretched elementor-section-boxed elementor-section-height-default elementor-section-height-default wd-section-disabled\" data-id=\"bf2f231\" data-element_type=\"section\" data-settings=\"{&quot;stretch_section&quot;:&quot;section-stretched&quot;,&quot;background_background&quot;:&quot;classic&quot;,&quot;_ha_eqh_enable&quot;:false}\">\n\t\t\t\t\t\t<div class=\"elementor-container elementor-column-gap-default\">\n\t\t\t\t\t<div class=\"elementor-column elementor-col-50 elementor-top-column elementor-element elementor-element-f94a4ff\" data-id=\"f94a4ff\" data-element_type=\"column\" data-settings=\"{&quot;background_background&quot;:&quot;classic&quot;}\">\n\t\t\t<div class=\"elementor-widget-wrap elementor-element-populated\">\n\t\t\t\t\t\t<div class=\"elementor-element elementor-element-d188c3b elementor-widget elementor-widget-image\" data-id=\"d188c3b\" data-element_type=\"widget\" data-widget_type=\"image.default\">\n\t\t\t\t<div class=\"elementor-widget-container\">\n\t\t\t\t\t\t\t\t\t\t\t\t\t\t\t<img decoding=\"async\" width=\"375\" height=\"400\" src=\"https:\/\/lachaytrail.com\/wp-content\/uploads\/2022\/02\/13K-375x400-1.png\" class=\"attachment-large size-large wp-image-836\" alt=\"\" srcset=\"https:\/\/lachaytrail.com\/wp-content\/uploads\/2022\/02\/13K-375x400-1.png 375w, https:\/\/lachaytrail.com\/wp-content\/uploads\/2022\/02\/13K-375x400-1-281x300.png 281w, https:\/\/lachaytrail.com\/wp-content\/uploads\/2022\/02\/13K-375x400-1-150x160.png 150w\" sizes=\"(max-width: 375px) 100vw, 375px\" \/>\t\t\t\t\t\t\t\t\t\t\t\t\t\t\t<\/div>\n\t\t\t\t<\/div>\n\t\t\t\t\t<\/div>\n\t\t<\/div>\n\t\t\t\t<div class=\"elementor-column elementor-col-50 elementor-top-column elementor-element elementor-element-1094dea\" data-id=\"1094dea\" data-element_type=\"column\">\n\t\t\t<div class=\"elementor-widget-wrap elementor-element-populated\">\n\t\t\t\t\t\t<div class=\"elementor-element elementor-element-58cca7a elementor-position-top elementor-widget elementor-widget-image-box\" data-id=\"58cca7a\" data-element_type=\"widget\" data-widget_type=\"image-box.default\">\n\t\t\t\t<div class=\"elementor-widget-container\">\n\t\t\t\t\t<div class=\"elementor-image-box-wrapper\"><figure class=\"elementor-image-box-img\"><img decoding=\"async\" width=\"500\" height=\"147\" src=\"https:\/\/lachaytrail.com\/wp-content\/uploads\/2022\/02\/LOGO2.png\" class=\"attachment-full size-full wp-image-851\" alt=\"\" srcset=\"https:\/\/lachaytrail.com\/wp-content\/uploads\/2022\/02\/LOGO2.png 500w, https:\/\/lachaytrail.com\/wp-content\/uploads\/2022\/02\/LOGO2-300x88.png 300w, https:\/\/lachaytrail.com\/wp-content\/uploads\/2022\/02\/LOGO2-150x44.png 150w\" sizes=\"(max-width: 500px) 100vw, 500px\" \/><\/figure><div class=\"elementor-image-box-content\"><h3 class=\"elementor-image-box-title\">Ent\u00e9rate de nuestra carrera Andes Race 13K en Cusco <\/h3><\/div><\/div>\t\t\t\t<\/div>\n\t\t\t\t<\/div>\n\t\t\t\t<div class=\"elementor-element elementor-element-e2a6013 elementor-align-center elementor-widget elementor-widget-button\" data-id=\"e2a6013\" data-element_type=\"widget\" data-widget_type=\"button.default\">\n\t\t\t\t<div class=\"elementor-widget-container\">\n\t\t\t\t\t\t\t\t\t<div class=\"elementor-button-wrapper\">\n\t\t\t\t\t<a class=\"elementor-button elementor-button-link elementor-size-sm elementor-animation-pulse-shrink\" href=\"https:\/\/www.andesrace.pe\/13k\/\">\n\t\t\t\t\t\t<span class=\"elementor-button-content-wrapper\">\n\t\t\t\t\t\t\t\t\t<span class=\"elementor-button-text\">Ver m\u00e1s <\/span>\n\t\t\t\t\t<\/span>\n\t\t\t\t\t<\/a>\n\t\t\t\t<\/div>\n\t\t\t\t\t\t\t\t<\/div>\n\t\t\t\t<\/div>\n\t\t\t\t\t<\/div>\n\t\t<\/div>\n\t\t\t\t\t<\/div>\n\t\t<\/section>\n\t\t\t\t<section class=\"elementor-section elementor-top-section elementor-element elementor-element-4170e20 elementor-section-stretched elementor-section-boxed elementor-section-height-default elementor-section-height-default wd-section-disabled\" data-id=\"4170e20\" data-element_type=\"section\" data-settings=\"{&quot;stretch_section&quot;:&quot;section-stretched&quot;,&quot;background_background&quot;:&quot;classic&quot;,&quot;_ha_eqh_enable&quot;:false}\">\n\t\t\t\t\t\t<div class=\"elementor-container elementor-column-gap-default\">\n\t\t\t\t\t<div class=\"elementor-column elementor-col-50 elementor-top-column elementor-element elementor-element-7c3f05b\" data-id=\"7c3f05b\" data-element_type=\"column\">\n\t\t\t<div class=\"elementor-widget-wrap\">\n\t\t\t\t\t\t\t<\/div>\n\t\t<\/div>\n\t\t\t\t<div class=\"elementor-column elementor-col-50 elementor-top-column elementor-element elementor-element-1a44c04\" data-id=\"1a44c04\" data-element_type=\"column\">\n\t\t\t<div class=\"elementor-widget-wrap elementor-element-populated\">\n\t\t\t\t\t\t<div class=\"elementor-element elementor-element-88a319d elementor-widget elementor-widget-heading\" data-id=\"88a319d\" data-element_type=\"widget\" data-widget_type=\"heading.default\">\n\t\t\t\t<div class=\"elementor-widget-container\">\n\t\t\t\t\t<h2 class=\"elementor-heading-title elementor-size-default\">LACHAY 10K<\/h2>\t\t\t\t<\/div>\n\t\t\t\t<\/div>\n\t\t\t\t<div class=\"elementor-element elementor-element-09ccd53 text-right color-scheme-inherit elementor-widget elementor-widget-text-editor\" data-id=\"09ccd53\" data-element_type=\"widget\" data-widget_type=\"text-editor.default\">\n\t\t\t\t<div class=\"elementor-widget-container\">\n\t\t\t\t\t\t\t\t\t<p>Lachay Trail 10K es una de las carreras con los paisajes m\u00e1s hermosos de la costa. La carrera se desarrolla dentro de la Reserva Nacional de Lachay, un para\u00edso ubicado a tan solo dos horas de Lima. Esta es una carrera ideal para aquellos que reci\u00e9n se inician en el trail running. Esta distancia se desarrolla dentro de una ruta y un tipo de terreno bastante amigable. La mayor parte de los senderos, est\u00e1n dentro del circuito tur\u00edstico de la Reserva, lo que la hace muy f\u00e1cil de recorrer adem\u00e1s de ser muy segura.<\/p>\t\t\t\t\t\t\t\t<\/div>\n\t\t\t\t<\/div>\n\t\t\t\t<div class=\"elementor-element elementor-element-41b16b8 elementor-align-center elementor-widget elementor-widget-button\" data-id=\"41b16b8\" data-element_type=\"widget\" data-widget_type=\"button.default\">\n\t\t\t\t<div class=\"elementor-widget-container\">\n\t\t\t\t\t\t\t\t\t<div class=\"elementor-button-wrapper\">\n\t\t\t\t\t<a class=\"elementor-button elementor-button-link elementor-size-sm\" href=\"https:\/\/lachaytrail.com\/en\/producto\/10-k\/\">\n\t\t\t\t\t\t<span class=\"elementor-button-content-wrapper\">\n\t\t\t\t\t\t\t\t\t<span class=\"elementor-button-text\">Ver m\u00e1s <\/span>\n\t\t\t\t\t<\/span>\n\t\t\t\t\t<\/a>\n\t\t\t\t<\/div>\n\t\t\t\t\t\t\t\t<\/div>\n\t\t\t\t<\/div>\n\t\t\t\t\t<\/div>\n\t\t<\/div>\n\t\t\t\t\t<\/div>\n\t\t<\/section>\n\t\t\t\t<section class=\"elementor-section elementor-top-section elementor-element elementor-element-bfe584f elementor-section-stretched elementor-section-height-min-height elementor-section-boxed elementor-section-height-default elementor-section-items-middle wd-section-disabled\" data-id=\"bfe584f\" data-element_type=\"section\" data-settings=\"{&quot;stretch_section&quot;:&quot;section-stretched&quot;,&quot;background_background&quot;:&quot;classic&quot;,&quot;_ha_eqh_enable&quot;:false}\">\n\t\t\t\t\t\t<div class=\"elementor-container elementor-column-gap-default\">\n\t\t\t\t\t<div class=\"elementor-column elementor-col-50 elementor-top-column elementor-element elementor-element-e9102fa\" data-id=\"e9102fa\" data-element_type=\"column\">\n\t\t\t<div class=\"elementor-widget-wrap elementor-element-populated\">\n\t\t\t\t\t\t<div class=\"elementor-element elementor-element-18837a9 elementor-widget elementor-widget-heading\" data-id=\"18837a9\" data-element_type=\"widget\" data-widget_type=\"heading.default\">\n\t\t\t\t<div class=\"elementor-widget-container\">\n\t\t\t\t\t<h2 class=\"elementor-heading-title elementor-size-default\">LACHAY 22K<\/h2>\t\t\t\t<\/div>\n\t\t\t\t<\/div>\n\t\t\t\t<div class=\"elementor-element elementor-element-b9c1009 color-scheme-inherit text-left elementor-widget elementor-widget-text-editor\" data-id=\"b9c1009\" data-element_type=\"widget\" data-widget_type=\"text-editor.default\">\n\t\t\t\t<div class=\"elementor-widget-container\">\n\t\t\t\t\t\t\t\t\t<p>Lachay Trail 22K es una de las carreras con los paisajes m\u00e1s hermosos de la costa. La carrera se desarrolla dentro de la Reserva Nacional de Lachay, un para\u00edso ubicado a tan solo dos horas de Lima. Esta es una carrera con un grado de dificultad mayor, no solo por la distancia, sino por lo variado de su terreno. Esta ruta mixta, combina un poco de terreno t\u00e9cnico, lomas y desierto, haci\u00e9ndola una carrera \u00fanica donde podras probar un poco de cada terreno.\u00a0\u00a0<\/p>\t\t\t\t\t\t\t\t<\/div>\n\t\t\t\t<\/div>\n\t\t\t\t<div class=\"elementor-element elementor-element-7da27db elementor-align-center elementor-widget elementor-widget-button\" data-id=\"7da27db\" data-element_type=\"widget\" data-widget_type=\"button.default\">\n\t\t\t\t<div class=\"elementor-widget-container\">\n\t\t\t\t\t\t\t\t\t<div class=\"elementor-button-wrapper\">\n\t\t\t\t\t<a class=\"elementor-button elementor-button-link elementor-size-sm\" href=\"https:\/\/lachaytrail.com\/en\/producto\/22-k\/\">\n\t\t\t\t\t\t<span class=\"elementor-button-content-wrapper\">\n\t\t\t\t\t\t\t\t\t<span class=\"elementor-button-text\">Ver m\u00e1s <\/span>\n\t\t\t\t\t<\/span>\n\t\t\t\t\t<\/a>\n\t\t\t\t<\/div>\n\t\t\t\t\t\t\t\t<\/div>\n\t\t\t\t<\/div>\n\t\t\t\t\t<\/div>\n\t\t<\/div>\n\t\t\t\t<div class=\"elementor-column elementor-col-50 elementor-top-column elementor-element elementor-element-4649ab0\" data-id=\"4649ab0\" data-element_type=\"column\" data-settings=\"{&quot;background_background&quot;:&quot;classic&quot;}\">\n\t\t\t<div class=\"elementor-widget-wrap\">\n\t\t\t\t\t\t\t<\/div>\n\t\t<\/div>\n\t\t\t\t\t<\/div>\n\t\t<\/section>\n\t\t\t\t<section class=\"elementor-section elementor-top-section elementor-element elementor-element-03a2793 elementor-section-stretched elementor-section-height-min-height elementor-section-boxed elementor-section-height-default elementor-section-items-middle wd-section-disabled\" data-id=\"03a2793\" data-element_type=\"section\" data-settings=\"{&quot;stretch_section&quot;:&quot;section-stretched&quot;,&quot;background_background&quot;:&quot;classic&quot;,&quot;_ha_eqh_enable&quot;:false}\">\n\t\t\t\t\t\t<div class=\"elementor-container elementor-column-gap-default\">\n\t\t\t\t\t<div class=\"elementor-column elementor-col-100 elementor-top-column elementor-element elementor-element-66d6d4b\" data-id=\"66d6d4b\" data-element_type=\"column\">\n\t\t\t<div class=\"elementor-widget-wrap elementor-element-populated\">\n\t\t\t\t\t\t<div class=\"elementor-element elementor-element-32d8b4a elementor-widget elementor-widget-spacer\" data-id=\"32d8b4a\" data-element_type=\"widget\" data-widget_type=\"spacer.default\">\n\t\t\t\t<div class=\"elementor-widget-container\">\n\t\t\t\t\t\t\t<div class=\"elementor-spacer\">\n\t\t\t<div class=\"elementor-spacer-inner\"><\/div>\n\t\t<\/div>\n\t\t\t\t\t\t<\/div>\n\t\t\t\t<\/div>\n\t\t\t\t\t<\/div>\n\t\t<\/div>\n\t\t\t\t\t<\/div>\n\t\t<\/section>\n\t\t\t\t<\/div>","protected":false},"excerpt":{"rendered":"<p>\u00bfQui\u00e9nes Somos? Somos el Grupo Andes Race, y nos dedicamos a la organizaci\u00f3n de carreras de monta\u00f1a desde el 2012.<\/p>","protected":false},"author":1,"featured_media":0,"parent":0,"menu_order":0,"comment_status":"closed","ping_status":"closed","template":"elementor_header_footer","meta":{"footnotes":""},"class_list":["post-810","page","type-page","status-publish","hentry"],"yoast_head":"<!-- This site is optimized with the Yoast SEO plugin v27.4 - https:\/\/yoast.com\/product\/yoast-seo-wordpress\/ -->\n<title>\u00bfQui\u00e9nes somos? - Lachay<\/title>\n<meta name=\"robots\" content=\"index, follow, max-snippet:-1, max-image-preview:large, max-video-preview:-1\" \/>\n<link rel=\"canonical\" href=\"https:\/\/lachaytrail.com\/en\/quienes-somos\/\" \/>\n<meta property=\"og:locale\" content=\"en_US\" \/>\n<meta property=\"og:type\" content=\"article\" \/>\n<meta property=\"og:title\" content=\"\u00bfQui\u00e9nes somos? - Lachay\" \/>\n<meta property=\"og:description\" content=\"\u00bfQui\u00e9nes Somos? Somos el Grupo Andes Race, y nos dedicamos a la organizaci\u00f3n de carreras de monta\u00f1a desde el 2012.\" \/>\n<meta property=\"og:url\" content=\"https:\/\/lachaytrail.com\/en\/quienes-somos\/\" \/>\n<meta property=\"og:site_name\" content=\"Lachay\" \/>\n<meta property=\"article:modified_time\" content=\"2025-10-13T16:18:24+00:00\" \/>\n<meta property=\"og:image\" content=\"https:\/\/lachaytrail.com\/wp-content\/uploads\/2022\/03\/4-1024x768-1.jpg\" \/>\n\t<meta property=\"og:image:width\" content=\"1024\" \/>\n\t<meta property=\"og:image:height\" content=\"768\" \/>\n\t<meta property=\"og:image:type\" content=\"image\/jpeg\" \/>\n<meta name=\"twitter:card\" content=\"summary_large_image\" \/>\n<meta name=\"twitter:label1\" content=\"Est. reading time\" \/>\n\t<meta name=\"twitter:data1\" content=\"3 minutes\" \/>\n<script type=\"application\/ld+json\" class=\"yoast-schema-graph\">{\"@context\":\"https:\\\/\\\/schema.org\",\"@graph\":[{\"@type\":\"WebPage\",\"@id\":\"https:\\\/\\\/lachaytrail.com\\\/quienes-somos\\\/\",\"url\":\"https:\\\/\\\/lachaytrail.com\\\/quienes-somos\\\/\",\"name\":\"\u00bfQui\u00e9nes somos? - Lachay\",\"isPartOf\":{\"@id\":\"https:\\\/\\\/lachaytrail.com\\\/#website\"},\"primaryImageOfPage\":{\"@id\":\"https:\\\/\\\/lachaytrail.com\\\/quienes-somos\\\/#primaryimage\"},\"image\":{\"@id\":\"https:\\\/\\\/lachaytrail.com\\\/quienes-somos\\\/#primaryimage\"},\"thumbnailUrl\":\"https:\\\/\\\/lachaytrail.com\\\/wp-content\\\/uploads\\\/2022\\\/03\\\/4-1024x768-1.jpg\",\"datePublished\":\"2022-02-25T22:19:54+00:00\",\"dateModified\":\"2025-10-13T16:18:24+00:00\",\"breadcrumb\":{\"@id\":\"https:\\\/\\\/lachaytrail.com\\\/quienes-somos\\\/#breadcrumb\"},\"inLanguage\":\"en-US\",\"potentialAction\":[{\"@type\":\"ReadAction\",\"target\":[\"https:\\\/\\\/lachaytrail.com\\\/quienes-somos\\\/\"]}]},{\"@type\":\"ImageObject\",\"inLanguage\":\"en-US\",\"@id\":\"https:\\\/\\\/lachaytrail.com\\\/quienes-somos\\\/#primaryimage\",\"url\":\"https:\\\/\\\/lachaytrail.com\\\/wp-content\\\/uploads\\\/2022\\\/03\\\/4-1024x768-1.jpg\",\"contentUrl\":\"https:\\\/\\\/lachaytrail.com\\\/wp-content\\\/uploads\\\/2022\\\/03\\\/4-1024x768-1.jpg\"},{\"@type\":\"BreadcrumbList\",\"@id\":\"https:\\\/\\\/lachaytrail.com\\\/quienes-somos\\\/#breadcrumb\",\"itemListElement\":[{\"@type\":\"ListItem\",\"position\":1,\"name\":\"Home\",\"item\":\"https:\\\/\\\/lachaytrail.com\\\/\"},{\"@type\":\"ListItem\",\"position\":2,\"name\":\"\u00bfQui\u00e9nes somos?\"}]},{\"@type\":\"WebSite\",\"@id\":\"https:\\\/\\\/lachaytrail.com\\\/#website\",\"url\":\"https:\\\/\\\/lachaytrail.com\\\/\",\"name\":\"Lachay\",\"description\":\"Vive la experienecia\",\"potentialAction\":[{\"@type\":\"SearchAction\",\"target\":{\"@type\":\"EntryPoint\",\"urlTemplate\":\"https:\\\/\\\/lachaytrail.com\\\/?s={search_term_string}\"},\"query-input\":{\"@type\":\"PropertyValueSpecification\",\"valueRequired\":true,\"valueName\":\"search_term_string\"}}],\"inLanguage\":\"en-US\"}]}<\/script>\n<!-- \/ Yoast SEO plugin. -->","yoast_head_json":{"title":"\u00bfQui\u00e9nes somos? - Lachay","robots":{"index":"index","follow":"follow","max-snippet":"max-snippet:-1","max-image-preview":"max-image-preview:large","max-video-preview":"max-video-preview:-1"},"canonical":"https:\/\/lachaytrail.com\/en\/quienes-somos\/","og_locale":"en_US","og_type":"article","og_title":"\u00bfQui\u00e9nes somos? - Lachay","og_description":"\u00bfQui\u00e9nes Somos? Somos el Grupo Andes Race, y nos dedicamos a la organizaci\u00f3n de carreras de monta\u00f1a desde el 2012.","og_url":"https:\/\/lachaytrail.com\/en\/quienes-somos\/","og_site_name":"Lachay","article_modified_time":"2025-10-13T16:18:24+00:00","og_image":[{"width":1024,"height":768,"url":"https:\/\/lachaytrail.com\/wp-content\/uploads\/2022\/03\/4-1024x768-1.jpg","type":"image\/jpeg"}],"twitter_card":"summary_large_image","twitter_misc":{"Est. reading time":"3 minutes"},"schema":{"@context":"https:\/\/schema.org","@graph":[{"@type":"WebPage","@id":"https:\/\/lachaytrail.com\/quienes-somos\/","url":"https:\/\/lachaytrail.com\/quienes-somos\/","name":"\u00bfQui\u00e9nes somos? - Lachay","isPartOf":{"@id":"https:\/\/lachaytrail.com\/#website"},"primaryImageOfPage":{"@id":"https:\/\/lachaytrail.com\/quienes-somos\/#primaryimage"},"image":{"@id":"https:\/\/lachaytrail.com\/quienes-somos\/#primaryimage"},"thumbnailUrl":"https:\/\/lachaytrail.com\/wp-content\/uploads\/2022\/03\/4-1024x768-1.jpg","datePublished":"2022-02-25T22:19:54+00:00","dateModified":"2025-10-13T16:18:24+00:00","breadcrumb":{"@id":"https:\/\/lachaytrail.com\/quienes-somos\/#breadcrumb"},"inLanguage":"en-US","potentialAction":[{"@type":"ReadAction","target":["https:\/\/lachaytrail.com\/quienes-somos\/"]}]},{"@type":"ImageObject","inLanguage":"en-US","@id":"https:\/\/lachaytrail.com\/quienes-somos\/#primaryimage","url":"https:\/\/lachaytrail.com\/wp-content\/uploads\/2022\/03\/4-1024x768-1.jpg","contentUrl":"https:\/\/lachaytrail.com\/wp-content\/uploads\/2022\/03\/4-1024x768-1.jpg"},{"@type":"BreadcrumbList","@id":"https:\/\/lachaytrail.com\/quienes-somos\/#breadcrumb","itemListElement":[{"@type":"ListItem","position":1,"name":"Home","item":"https:\/\/lachaytrail.com\/"},{"@type":"ListItem","position":2,"name":"\u00bfQui\u00e9nes somos?"}]},{"@type":"WebSite","@id":"https:\/\/lachaytrail.com\/#website","url":"https:\/\/lachaytrail.com\/","name":"Lachay","description":"Vive la experienecia","potentialAction":[{"@type":"SearchAction","target":{"@type":"EntryPoint","urlTemplate":"https:\/\/lachaytrail.com\/?s={search_term_string}"},"query-input":{"@type":"PropertyValueSpecification","valueRequired":true,"valueName":"search_term_string"}}],"inLanguage":"en-US"}]}},"jetpack_sharing_enabled":true,"_links":{"self":[{"href":"https:\/\/lachaytrail.com\/en\/wp-json\/wp\/v2\/pages\/810","targetHints":{"allow":["GET"]}}],"collection":[{"href":"https:\/\/lachaytrail.com\/en\/wp-json\/wp\/v2\/pages"}],"about":[{"href":"https:\/\/lachaytrail.com\/en\/wp-json\/wp\/v2\/types\/page"}],"author":[{"embeddable":true,"href":"https:\/\/lachaytrail.com\/en\/wp-json\/wp\/v2\/users\/1"}],"replies":[{"embeddable":true,"href":"https:\/\/lachaytrail.com\/en\/wp-json\/wp\/v2\/comments?post=810"}],"version-history":[{"count":143,"href":"https:\/\/lachaytrail.com\/en\/wp-json\/wp\/v2\/pages\/810\/revisions"}],"predecessor-version":[{"id":8826,"href":"https:\/\/lachaytrail.com\/en\/wp-json\/wp\/v2\/pages\/810\/revisions\/8826"}],"wp:attachment":[{"href":"https:\/\/lachaytrail.com\/en\/wp-json\/wp\/v2\/media?parent=810"}],"curies":[{"name":"wp","href":"https:\/\/api.w.org\/{rel}","templated":true}]}}