{"id":738,"date":"2022-02-23T22:17:14","date_gmt":"2022-02-23T22:17:14","guid":{"rendered":"https:\/\/lachaytrail.com\/?page_id=738"},"modified":"2022-10-24T23:01:42","modified_gmt":"2022-10-24T23:01:42","slug":"deslinde-de-responsabilidad","status":"publish","type":"page","link":"https:\/\/lachaytrail.com\/en\/deslinde-de-responsabilidad\/","title":{"rendered":"Deslinde de Responsabilidad"},"content":{"rendered":"<div data-elementor-type=\"wp-page\" data-elementor-id=\"738\" class=\"elementor elementor-738\" data-elementor-settings=\"{&quot;ha_cmc_init_switcher&quot;:&quot;no&quot;}\" data-elementor-post-type=\"page\">\n\t\t\t\t\t\t<section class=\"elementor-section elementor-top-section elementor-element elementor-element-53ea740 elementor-section-height-min-height elementor-section-stretched elementor-section-boxed elementor-section-height-default elementor-section-items-middle wd-section-disabled\" data-id=\"53ea740\" data-element_type=\"section\" data-settings=\"{&quot;stretch_section&quot;:&quot;section-stretched&quot;,&quot;background_background&quot;:&quot;slideshow&quot;,&quot;background_slideshow_gallery&quot;:[{&quot;id&quot;:1561,&quot;url&quot;:&quot;https:\\\/\\\/lachaytrail.com\\\/wp-content\\\/uploads\\\/2022\\\/03\\\/portada-deslinde-responsabilidad-lachay.jpg&quot;}],&quot;background_slideshow_slide_transition&quot;:&quot;slide_left&quot;,&quot;background_slideshow_loop&quot;:&quot;yes&quot;,&quot;background_slideshow_slide_duration&quot;:5000,&quot;background_slideshow_transition_duration&quot;:500,&quot;_ha_eqh_enable&quot;:false}\">\n\t\t\t\t\t\t\t<div class=\"elementor-background-overlay\"><\/div>\n\t\t\t\t\t\t\t<div class=\"elementor-container elementor-column-gap-default\">\n\t\t\t\t\t<div class=\"elementor-column elementor-col-50 elementor-top-column elementor-element elementor-element-0624b83\" data-id=\"0624b83\" data-element_type=\"column\">\n\t\t\t<div class=\"elementor-widget-wrap elementor-element-populated\">\n\t\t\t\t\t\t<div class=\"elementor-element elementor-element-797fb25 elementor-widget elementor-widget-heading\" data-id=\"797fb25\" data-element_type=\"widget\" data-widget_type=\"heading.default\">\n\t\t\t\t<div class=\"elementor-widget-container\">\n\t\t\t\t\t<h1 class=\"elementor-heading-title elementor-size-default\">Deslinde de Responsabilidad<\/h1>\t\t\t\t<\/div>\n\t\t\t\t<\/div>\n\t\t\t\t\t<\/div>\n\t\t<\/div>\n\t\t\t\t<div class=\"elementor-column elementor-col-50 elementor-top-column elementor-element elementor-element-caf56f6\" data-id=\"caf56f6\" data-element_type=\"column\">\n\t\t\t<div class=\"elementor-widget-wrap\">\n\t\t\t\t\t\t\t<\/div>\n\t\t<\/div>\n\t\t\t\t\t<\/div>\n\t\t<\/section>\n\t\t\t\t<section class=\"elementor-section elementor-top-section elementor-element elementor-element-5bc37b8 elementor-section-stretched elementor-section-boxed elementor-section-height-default elementor-section-height-default wd-section-disabled\" data-id=\"5bc37b8\" data-element_type=\"section\" data-settings=\"{&quot;stretch_section&quot;:&quot;section-stretched&quot;,&quot;_ha_eqh_enable&quot;:false}\">\n\t\t\t\t\t\t<div class=\"elementor-container elementor-column-gap-default\">\n\t\t\t\t\t<div class=\"elementor-column elementor-col-100 elementor-top-column elementor-element elementor-element-5fd18a5\" data-id=\"5fd18a5\" data-element_type=\"column\">\n\t\t\t<div class=\"elementor-widget-wrap elementor-element-populated\">\n\t\t\t\t\t\t<div class=\"elementor-element elementor-element-8e8033b color-scheme-inherit text-left elementor-widget elementor-widget-text-editor\" data-id=\"8e8033b\" data-element_type=\"widget\" data-widget_type=\"text-editor.default\">\n\t\t\t\t<div class=\"elementor-widget-container\">\n\t\t\t\t\t\t\t\t\t<p>El Deslinde de Responsabilidad del Andes Race, es un documento donde el corredor asume y acepta los riesgos de participar en un evento que significa de algun modo un riesgo al realizarse en entornos naturales. Lo vas a encontrar en el registro del corredor y el no aceptarlo conlleva en la no autorizaci\u00f3n de la participaci\u00f3n del corredor por parte de la organizaci\u00f3n.<\/p>\n<p><strong>Antes de firmar todos los atletas deben LEER cuidadosamente esta declaraci\u00f3n con libertad a<\/strong><br><strong>renunciar a este compromiso.<\/strong><\/p>\n<p>Declaro conocer que LACHAY TRAIL significa un esfuerzo de las capacidades tanto f\u00edsicas como mentales, por lo que asumo, en forma total y exclusiva, los riesgos que mi participaci\u00f3n, pueda eventualmente ocasionar a mi salud, durante y despu\u00e9s de la competencia antes se\u00f1alada.<br>Declaro que me encuentro f\u00edsicamente apto y que tengo suficiente entrenamiento para este tipo de eventos. En ese sentido, declaro no haber sido aconsejado en sentido contrario por m\u00e9dico certificado alguno.<br>Dejo constancia que mi declaraci\u00f3n en este documento es verdadera y debe ser aceptada por el Comit\u00e9 Organizador y Administradores del EVENTO MISMO.<br>Por lo que manifiesto lo siguiente:<br>a) Me comprometo a observar las reglas de competencia, incluyendo las reglas de control m\u00e9dico. En ese sentido, reconozco que por incumplimiento de cualquiera de ellas, podr\u00e9 ser descalificado del LACHAY TRAIL.<br>b) Renuncio a cualquier pretensi\u00f3n indemnizatoria por muerte o da\u00f1o de cualquier tipo que traiga como consecuencia mi participaci\u00f3n en el evento LACHAY TRAIL contra el Comit\u00e9 Organizador, empresas, auspiciadores, representantes y entes reguladores, los que est\u00e1n libres de cualquier responsabilidad.<br>c) Declaro la inocencia de las personas y entidades mencionadas en el p\u00e1rrafo anterior (b) de cualquier reclamo contra ellos, como resultado de mis actos durante el evento.<br>d) Por la presente estoy de acuerdo en obedecer todas las reglas e instrucciones del evento y de sus directores.<br>e) Reconozco que tengo responsabilidad por mis posesiones personales as\u00ed como equipo atl\u00e9tico durante el evento LACHAY TRAIL.<br>f) Autorizo al libre uso de mi nombre, fotograf\u00eda u otro documento como promoci\u00f3n del presente y<br>del siguiente evento.<\/p>\n<p>Yo, _______________________________________________ con DNI N\u00ba ________________, declaro haber le\u00eddo el formato de deslinde de responsabilidades y suscribo el presente en se\u00f1al de conformidad.<\/p>\n<p>Asimismo, me comprometo a cumplir con el reglamento de LACHAY TRAIL, as\u00ed como a respetar las indicaciones del comit\u00e9 t\u00e9cnico del evento y sus jueces.<\/p>\n<p><\/p>\t\t\t\t\t\t\t\t<\/div>\n\t\t\t\t<\/div>\n\t\t\t\t\t<\/div>\n\t\t<\/div>\n\t\t\t\t\t<\/div>\n\t\t<\/section>\n\t\t\t\t<\/div>","protected":false},"excerpt":{"rendered":"<p>Deslinde de Responsabilidad El Deslinde de Responsabilidad del Andes Race, es un documento donde el corredor asume y acepta los<\/p>","protected":false},"author":1,"featured_media":0,"parent":0,"menu_order":0,"comment_status":"closed","ping_status":"closed","template":"elementor_header_footer","meta":{"footnotes":""},"class_list":["post-738","page","type-page","status-publish","hentry"],"yoast_head":"<!-- This site is optimized with the Yoast SEO plugin v27.4 - https:\/\/yoast.com\/product\/yoast-seo-wordpress\/ -->\n<title>Deslinde de Responsabilidad - Lachay<\/title>\n<meta name=\"robots\" content=\"index, follow, max-snippet:-1, max-image-preview:large, max-video-preview:-1\" \/>\n<link rel=\"canonical\" href=\"https:\/\/lachaytrail.com\/en\/deslinde-de-responsabilidad\/\" \/>\n<meta property=\"og:locale\" content=\"en_US\" \/>\n<meta property=\"og:type\" content=\"article\" \/>\n<meta property=\"og:title\" content=\"Deslinde de Responsabilidad - Lachay\" \/>\n<meta property=\"og:description\" content=\"Deslinde de Responsabilidad El Deslinde de Responsabilidad del Andes Race, es un documento donde el corredor asume y acepta los\" \/>\n<meta property=\"og:url\" content=\"https:\/\/lachaytrail.com\/en\/deslinde-de-responsabilidad\/\" \/>\n<meta property=\"og:site_name\" content=\"Lachay\" \/>\n<meta property=\"article:modified_time\" content=\"2022-10-24T23:01:42+00:00\" \/>\n<meta name=\"twitter:card\" content=\"summary_large_image\" \/>\n<meta name=\"twitter:label1\" content=\"Est. reading time\" \/>\n\t<meta name=\"twitter:data1\" content=\"2 minutes\" \/>\n<script type=\"application\/ld+json\" class=\"yoast-schema-graph\">{\"@context\":\"https:\\\/\\\/schema.org\",\"@graph\":[{\"@type\":\"WebPage\",\"@id\":\"https:\\\/\\\/lachaytrail.com\\\/deslinde-de-responsabilidad\\\/\",\"url\":\"https:\\\/\\\/lachaytrail.com\\\/deslinde-de-responsabilidad\\\/\",\"name\":\"Deslinde de Responsabilidad - Lachay\",\"isPartOf\":{\"@id\":\"https:\\\/\\\/lachaytrail.com\\\/#website\"},\"datePublished\":\"2022-02-23T22:17:14+00:00\",\"dateModified\":\"2022-10-24T23:01:42+00:00\",\"breadcrumb\":{\"@id\":\"https:\\\/\\\/lachaytrail.com\\\/deslinde-de-responsabilidad\\\/#breadcrumb\"},\"inLanguage\":\"en-US\",\"potentialAction\":[{\"@type\":\"ReadAction\",\"target\":[\"https:\\\/\\\/lachaytrail.com\\\/deslinde-de-responsabilidad\\\/\"]}]},{\"@type\":\"BreadcrumbList\",\"@id\":\"https:\\\/\\\/lachaytrail.com\\\/deslinde-de-responsabilidad\\\/#breadcrumb\",\"itemListElement\":[{\"@type\":\"ListItem\",\"position\":1,\"name\":\"Home\",\"item\":\"https:\\\/\\\/lachaytrail.com\\\/\"},{\"@type\":\"ListItem\",\"position\":2,\"name\":\"Deslinde de Responsabilidad\"}]},{\"@type\":\"WebSite\",\"@id\":\"https:\\\/\\\/lachaytrail.com\\\/#website\",\"url\":\"https:\\\/\\\/lachaytrail.com\\\/\",\"name\":\"Lachay\",\"description\":\"Vive la experienecia\",\"potentialAction\":[{\"@type\":\"SearchAction\",\"target\":{\"@type\":\"EntryPoint\",\"urlTemplate\":\"https:\\\/\\\/lachaytrail.com\\\/?s={search_term_string}\"},\"query-input\":{\"@type\":\"PropertyValueSpecification\",\"valueRequired\":true,\"valueName\":\"search_term_string\"}}],\"inLanguage\":\"en-US\"}]}<\/script>\n<!-- \/ Yoast SEO plugin. -->","yoast_head_json":{"title":"Deslinde de Responsabilidad - Lachay","robots":{"index":"index","follow":"follow","max-snippet":"max-snippet:-1","max-image-preview":"max-image-preview:large","max-video-preview":"max-video-preview:-1"},"canonical":"https:\/\/lachaytrail.com\/en\/deslinde-de-responsabilidad\/","og_locale":"en_US","og_type":"article","og_title":"Deslinde de Responsabilidad - Lachay","og_description":"Deslinde de Responsabilidad El Deslinde de Responsabilidad del Andes Race, es un documento donde el corredor asume y acepta los","og_url":"https:\/\/lachaytrail.com\/en\/deslinde-de-responsabilidad\/","og_site_name":"Lachay","article_modified_time":"2022-10-24T23:01:42+00:00","twitter_card":"summary_large_image","twitter_misc":{"Est. reading time":"2 minutes"},"schema":{"@context":"https:\/\/schema.org","@graph":[{"@type":"WebPage","@id":"https:\/\/lachaytrail.com\/deslinde-de-responsabilidad\/","url":"https:\/\/lachaytrail.com\/deslinde-de-responsabilidad\/","name":"Deslinde de Responsabilidad - Lachay","isPartOf":{"@id":"https:\/\/lachaytrail.com\/#website"},"datePublished":"2022-02-23T22:17:14+00:00","dateModified":"2022-10-24T23:01:42+00:00","breadcrumb":{"@id":"https:\/\/lachaytrail.com\/deslinde-de-responsabilidad\/#breadcrumb"},"inLanguage":"en-US","potentialAction":[{"@type":"ReadAction","target":["https:\/\/lachaytrail.com\/deslinde-de-responsabilidad\/"]}]},{"@type":"BreadcrumbList","@id":"https:\/\/lachaytrail.com\/deslinde-de-responsabilidad\/#breadcrumb","itemListElement":[{"@type":"ListItem","position":1,"name":"Home","item":"https:\/\/lachaytrail.com\/"},{"@type":"ListItem","position":2,"name":"Deslinde de Responsabilidad"}]},{"@type":"WebSite","@id":"https:\/\/lachaytrail.com\/#website","url":"https:\/\/lachaytrail.com\/","name":"Lachay","description":"Vive la experienecia","potentialAction":[{"@type":"SearchAction","target":{"@type":"EntryPoint","urlTemplate":"https:\/\/lachaytrail.com\/?s={search_term_string}"},"query-input":{"@type":"PropertyValueSpecification","valueRequired":true,"valueName":"search_term_string"}}],"inLanguage":"en-US"}]}},"jetpack_sharing_enabled":true,"_links":{"self":[{"href":"https:\/\/lachaytrail.com\/en\/wp-json\/wp\/v2\/pages\/738","targetHints":{"allow":["GET"]}}],"collection":[{"href":"https:\/\/lachaytrail.com\/en\/wp-json\/wp\/v2\/pages"}],"about":[{"href":"https:\/\/lachaytrail.com\/en\/wp-json\/wp\/v2\/types\/page"}],"author":[{"embeddable":true,"href":"https:\/\/lachaytrail.com\/en\/wp-json\/wp\/v2\/users\/1"}],"replies":[{"embeddable":true,"href":"https:\/\/lachaytrail.com\/en\/wp-json\/wp\/v2\/comments?post=738"}],"version-history":[{"count":37,"href":"https:\/\/lachaytrail.com\/en\/wp-json\/wp\/v2\/pages\/738\/revisions"}],"predecessor-version":[{"id":4299,"href":"https:\/\/lachaytrail.com\/en\/wp-json\/wp\/v2\/pages\/738\/revisions\/4299"}],"wp:attachment":[{"href":"https:\/\/lachaytrail.com\/en\/wp-json\/wp\/v2\/media?parent=738"}],"curies":[{"name":"wp","href":"https:\/\/api.w.org\/{rel}","templated":true}]}}