{"id":512,"date":"2022-02-17T18:45:01","date_gmt":"2022-02-17T18:45:01","guid":{"rendered":"https:\/\/lachaytrail.com\/?page_id=512"},"modified":"2022-10-25T15:59:25","modified_gmt":"2022-10-25T15:59:25","slug":"reglamentos","status":"publish","type":"page","link":"https:\/\/lachaytrail.com\/en\/reglamentos\/","title":{"rendered":"Reglamentos"},"content":{"rendered":"<div data-elementor-type=\"wp-page\" data-elementor-id=\"512\" class=\"elementor elementor-512\" data-elementor-settings=\"{&quot;ha_cmc_init_switcher&quot;:&quot;no&quot;}\" data-elementor-post-type=\"page\">\n\t\t\t\t\t\t<section class=\"elementor-section elementor-top-section elementor-element elementor-element-a305508 elementor-section-height-min-height elementor-section-stretched elementor-section-boxed elementor-section-height-default elementor-section-items-middle wd-section-disabled\" data-id=\"a305508\" data-element_type=\"section\" data-settings=\"{&quot;stretch_section&quot;:&quot;section-stretched&quot;,&quot;background_background&quot;:&quot;classic&quot;,&quot;_ha_eqh_enable&quot;:false}\">\n\t\t\t\t\t\t\t<div class=\"elementor-background-overlay\"><\/div>\n\t\t\t\t\t\t\t<div class=\"elementor-container elementor-column-gap-default\">\n\t\t\t\t\t<div class=\"elementor-column elementor-col-50 elementor-top-column elementor-element elementor-element-a1c6897\" data-id=\"a1c6897\" data-element_type=\"column\">\n\t\t\t<div class=\"elementor-widget-wrap elementor-element-populated\">\n\t\t\t\t\t\t<div class=\"elementor-element elementor-element-e7a3ee6 elementor-widget elementor-widget-heading\" data-id=\"e7a3ee6\" data-element_type=\"widget\" data-widget_type=\"heading.default\">\n\t\t\t\t<div class=\"elementor-widget-container\">\n\t\t\t\t\t<h1 class=\"elementor-heading-title elementor-size-default\">Reglamentos Lachay <\/h1>\t\t\t\t<\/div>\n\t\t\t\t<\/div>\n\t\t\t\t\t<\/div>\n\t\t<\/div>\n\t\t\t\t<div class=\"elementor-column elementor-col-50 elementor-top-column elementor-element elementor-element-cc8fe26\" data-id=\"cc8fe26\" data-element_type=\"column\">\n\t\t\t<div class=\"elementor-widget-wrap\">\n\t\t\t\t\t\t\t<\/div>\n\t\t<\/div>\n\t\t\t\t\t<\/div>\n\t\t<\/section>\n\t\t\t\t<section class=\"elementor-section elementor-top-section elementor-element elementor-element-a5fd5f2 elementor-section-stretched elementor-section-boxed elementor-section-height-default elementor-section-height-default wd-section-disabled\" data-id=\"a5fd5f2\" data-element_type=\"section\" data-settings=\"{&quot;stretch_section&quot;:&quot;section-stretched&quot;,&quot;_ha_eqh_enable&quot;:false}\">\n\t\t\t\t\t\t<div class=\"elementor-container elementor-column-gap-default\">\n\t\t\t\t\t<div class=\"elementor-column elementor-col-100 elementor-top-column elementor-element elementor-element-613f759\" data-id=\"613f759\" data-element_type=\"column\">\n\t\t\t<div class=\"elementor-widget-wrap elementor-element-populated\">\n\t\t\t\t\t\t<div class=\"elementor-element elementor-element-a6eacb7 color-scheme-inherit text-left elementor-widget elementor-widget-text-editor\" data-id=\"a6eacb7\" data-element_type=\"widget\" data-widget_type=\"text-editor.default\">\n\t\t\t\t<div class=\"elementor-widget-container\">\n\t\t\t\t\t\t\t\t\t<p>Andes Race SAC Organiza la Carrera LACHAY TRAIL<\/p><p>\u00c9ste es el reglamento de Lachay Trail, todos los participantes est\u00e1n obligados a leerlo para poder participar de manera adecuada a la competici\u00f3n.<\/p><h2>A.\u00a0Equipo Obligatorio<\/h2><ul><li>10K: Los participantes de \u00e9sta distancia deber\u00e1n llevar un envase o sistema de hidrataci\u00f3n de m\u00ednimo 0.5 litros<\/li><li>22K: Los participantes de \u00e9sta distancia deber\u00e1n llevar un envase o sistema de hidrataci\u00f3n de m\u00ednimo 0.75 litros<\/li><li>De no contar con el equipo obligatorio no ser\u00e1 considerado en la calificaci\u00f3n final (ser\u00e1 descalificado)<\/li><li>De no contar con el equipo obligatorio a la l\u00ednea de llegada, no ser\u00e1 considerado en la calificaci\u00f3n final (ser\u00e1 descalificado).<\/li><li>Zapatillas de Trail running (Sugerido por temas de seguridad)<\/li><\/ul><h2>B. Sobre los competidores<\/h2><ul><li>LACHAY TRAIL 10K y 22K contar\u00e1 con las siguientes categor\u00edas:<\/li><\/ul><p>Categor\u00eda \u2013 Hombre<\/p><ul><li>General \u2013 18+<\/li><li>J\u00fanior- 18 un 29<\/li><li>SubMaster \u2013 30 un 39<\/li><li>Master A \u2013 40 un 49<\/li><li>Master B \u2013 50 un 59<\/li><li>Master C \u2013 60 un 69<\/li><li>Master D \u2013 70+<\/li><\/ul><p>Categor\u00eda \u2013\u00a0Mujer<\/p><ul><li>General \u2013 18+<\/li><li>J\u00fanior- 18 un 29<\/li><li>SubMaster \u2013 30 un 39<\/li><li>Master A \u2013 40 un 49<\/li><li>Master B \u2013 50 un 59<\/li><li>Master C \u2013 60 un 69<\/li><li>Master D \u2013 70+<\/li><li>Se Requiere un m\u00ednimo de 3\u00a0participantes para abrir la categor\u00eda. En caso de no contar con esa cantidad, los inscritos se pasar\u00e1n a la categor\u00eda inmediata inferior. Las edades se computan hasta el 31 de Diciembre del Presente A\u00f1o.<\/li><\/ul><h2>C. Acerca de las condiciones de participaci\u00f3n en 10K y 22K<\/h2><ul><li>Estar consciente de las condiciones de la carrera: dificultad, altitud, distancia, y encontrarse t\u00e9cnica y mentalmente preparado para recorrerla.<\/li><li>Contar con las capacidades f\u00edsicas que requiere el nivel de autosuficiencia de esta competencia.<\/li><li>Reconocer que la organizaci\u00f3n no es responsable ni est\u00e1 obligada a solventar problemas de disminuci\u00f3n de desempe\u00f1o, malestar f\u00edsico y mental, agotamiento o dolores durante el recorrido, causados por falta de aclimataci\u00f3n y de acondicionamiento, deficiente entrenamiento o ausencia de capacitaci\u00f3n t\u00e9cnica para correr en monta\u00f1a y en las condiciones geogr\u00e1ficas y clim\u00e1ticas de Lachay Trail.<\/li><li>Ser mayor de edad y debidamente identificado.<\/li><li>De ser menor de edad, deber\u00e1 contar con un documento de autorizaci\u00f3n de sus padres o apoderados FIRMADO POR UN NOTARIO.<\/li><li>Los menores de edad, s\u00f3lo ser\u00e1n aceptados de los 14 a 17 a\u00f1os en 10K y 17 a\u00f1os en 22K. (Entregando la documentaci\u00f3n que indica el punto C5)<\/li><li>Al inscribirse a \u00e9sta competici\u00f3n, da fe que su estado f\u00edsico est\u00e1 en optimas condiciones y apto para participar en carreras de monta\u00f1as con las caracter\u00edsticas de Lachay Trail. Andes Race SAC se libera de toda responsabilidad sobre cualquier suceso que le suceda sobre su estado f\u00edsico incluyendo la muerte.<\/li><li>Contar con un seguro m\u00e9dico de accidentes. (recomendado)<\/li><li>La falta de los requisitos en C4, C5 y C6 (dado el caso) en el momento de la entrega del kit competidor, implicar\u00e1 la cancelaci\u00f3n del registro del competidor en la carrera sin reembolso.<\/li><\/ul><h2>D. Sobre el Kit de Competidor<\/h2><ul><li>El Kit b\u00e1sico para todas las distancias contendr\u00e1 un dorsal, polo de competencia y 4 imperdibles.<\/li><li>Recojo del Kit se se har\u00e1 de acuerdo al cronograma.<\/li><li>Un competidor podr\u00e1 retirar el kit de otro competidor presentando una autorizaci\u00f3n simple con copia de DNI de este \u00faltimo.<\/li><li>Retirar el Kit de Competidor implica la aceptaci\u00f3n de la Liberaci\u00f3n de Responsabilidad por parte del atleta.<\/li><li>El Kit se retira de manera presencial, bajo ninguna circunstancia ser\u00e1 enviado al domicilio del competidor dentro o fuera del pa\u00eds.<\/li><\/ul><h2>E. Sobre los Puntos de Hidrataci\u00f3n (PH)<\/h2><ul><li>Lachay Trail en todas sus distancias, es una carrera de semi-autonom\u00eda.<\/li><li>La distancia 10 y 22K contar\u00e1n con puntos de hidrataci\u00f3n (PH)<\/li><li>Si en alg\u00fan PH un competidor no desea continuar en la carrera, podr\u00e1 indic\u00e1rselo al responsable del punto y esperar su evacuaci\u00f3n. El competidor deber\u00e1 permanecer en el PH hasta su evacuaci\u00f3n. No acatar esta indicaci\u00f3n acarrear\u00e1 la exclusi\u00f3n del competidor en pr\u00f3ximos eventos deportivos de la organizaci\u00f3n. Si adem\u00e1s el competidor no espera la evacuaci\u00f3n ofrecida por la organizaci\u00f3n, su traslado correr\u00e1 por cuenta y riesgo del competidor.<\/li><li>Los envases desechables de la hidrataci\u00f3n (botellas) no deben ser sacados de los Puntos de hidrataci\u00f3n (PH). Hacer esto es motivo de penalizaci\u00f3n. Ning\u00fan punto de hidrataci\u00f3n (PH) contara con vasos descartables por lo que cada corredor deber\u00e1 contar con su propio envase para hidratarse. (Lea el punto A1, A2, A3 y A4)<\/li><\/ul><h2>F. Sobre los Puntos de Evacuaci\u00f3n (PE)<\/h2><ul><li>El competidor podr\u00e1 abandonar la carrera en los Puntos de Evacuaci\u00f3n (PE) indic\u00e1ndolo al encargado del PE. El competidor deber\u00e1 permanecer en el PE hasta su evacuaci\u00f3n. No acatar esta indicaci\u00f3n acarrear\u00e1 la exclusi\u00f3n del competidor en pr\u00f3ximos eventos deportivos de la organizaci\u00f3n. Si adem\u00e1s el competidor no espera la evacuaci\u00f3n ofrecida por la organizaci\u00f3n, su traslado correr\u00e1 por su cuenta y riesgo.<\/li><li>Los PE contar\u00e1n con personal de apoyo debidamente identificados, quienes los asistir\u00e1n hasta el momento de la evacuaci\u00f3n.<\/li><li>La velocidad de la evacuaci\u00f3n del competidor depender\u00e1 de la urgencia, emergencia, condiciones de acceso y disponibilidad del personal a cargo.<\/li><li>En casos de extrav\u00edo y emergencia por causas relativas al desempe\u00f1o del competidor (impericia, imprudencia, desacato a las normas y desv\u00edo de la ruta se\u00f1alizada), el costo de la b\u00fasqueda y rescate correr\u00e1 por cuenta del competidor.<\/li><\/ul><h2>G. Sobre los Puntos de Control (PC)<\/h2><ul><li>El primer Punto de Control (PC) ser\u00e1 en la l\u00ednea de Partida. Desde dos horas antes de la competencia, hasta 30 minutos antes de la misma. Los jueces revisar\u00e1n el equipo b\u00e1sico de competidor. No contar con uno de los elementos exigidos con Equipo B\u00e1sico, ser\u00e1 impedimento de partida del competidor.<\/li><li>Durante todo el recorrido , se contar\u00e1 con el Control de paso de los competidores.<\/li><li>El competidor deber\u00e1 mantener su dorsal de manera visible. No deber\u00e1 colocarlo en la espalda. No deber\u00e1 doblarlo ni guardarlo.<br \/>G4. El dorsal se deber\u00e1 mostrar de manera \u00edntegra, sin ocultar la identificaci\u00f3n de la carrera ni los logos de los patrocinadores.<\/li><li>El dorsal es intransferible. La evidencia de esta falta acarrear\u00e1 la descalificaci\u00f3n.<\/li><li>En ruta, el equipo b\u00e1sico Obligatorio podr\u00e1 ser revisado en cualquier PC. No contar con uno de los elementos exigidos con Equipo B\u00e1sico Obligatorio, ser\u00e1 motivo de descalificaci\u00f3n.<\/li><li>Si en un PC un competidor no desea continuar en la carrera, podr\u00e1 indic\u00e1rselo al Controlador y esperar a su evacuaci\u00f3n. El competidor deber\u00e1 permanecer en el PC hasta su evacuaci\u00f3n. No acatar esta indicaci\u00f3n acarrear\u00e1 la exclusi\u00f3n del competidor en pr\u00f3ximos eventos deportivos de la organizaci\u00f3n. Si adem\u00e1s el competidor no espera la evacuaci\u00f3n ofrecida por la organizaci\u00f3n, su traslado correr\u00e1 por su cuenta y riesgo.<\/li><li>Todos los competidores deber\u00e1n pasar por todos los puntos de control (PC), de no ser as\u00ed, se le penalizar\u00e1 con 1 hora en su tiempo final por cada PC.<\/li><li>Cada PC tendr\u00e1 un Juez, los cuales llevar\u00e1n un control manual del paso de cada competidor.<\/li><\/ul><h2>H. Sobre el comportamiento deportivo y el respeto por el medio ambiente<\/h2><ul><li>El competidor se compromete a respetar todas las indicaciones dadas por la organizaci\u00f3n, en la partida, durante la ruta y en la llegada. No acatar esta indicaci\u00f3n acarrear\u00e1 la descalificaci\u00f3n.<\/li><li>El competidor se compromete a tratar con respeto a todo el personal directivo, log\u00edstico, de Control y de apoyo de la organizaci\u00f3n, al igual que a personas de las comunidades locales, visitantes y turistas. No acatar esta indicaci\u00f3n acarrear\u00e1 la descalificaci\u00f3n.<\/li><li>El competidor se compromete a conservar el medio ambiente. Esta PROHIBIDO llevar cualquier tipo de gel, caramelo, snack (galletas, barras, etc) en su empaque original. Cualquiera de estos productos deber\u00e1n ir en botellas porta geles o bolsas ZIP LOCK.\u00a0Cualquiera que deje alg\u00fan tipo de desperdicio\u00a0(botellas, bolsas, empaques de gel, papel) a lo largo de la ruta sera descalificado de la competencia.<\/li><li>El competidor deber\u00e1 seguir la ruta marcada por la organizaci\u00f3n. Cortar caminos acarrear\u00e1 una penalidad de 1 horas.<\/li><li>Todo competidor est\u00e1 obligado a informar en el siguiente punto de control, evacuaci\u00f3n o de hidrataci\u00f3n, de accidente o necesidad que tenga otro participante en el camino. No acatar esta indicaci\u00f3n acarrear\u00e1 la descalificaci\u00f3n.<\/li><li>Los competidores que padezcan el corte de tiempo, deber\u00e1n esperar ser evacuados por la organizaci\u00f3n. Si adem\u00e1s el competidor no espera la evacuaci\u00f3n ofrecida por la organizaci\u00f3n, su traslado correr\u00e1 por su cuenta y riesgo.<\/li><li>Est\u00e1 prohibida la asistencia del competidor de cualquier \u00edndole por personas externas a la carrera.<\/li><li>Como asistencia se entiende: provisi\u00f3n de hidrataci\u00f3n y avituallamiento fuera de la ofrecida por la Organizaci\u00f3n; asesor\u00eda personal en ruta de personas no inscritas en la competencia o sin n\u00famero de dorsal debidamente colocado; traslado en cualquier tipo de veh\u00edculo en parte del recorrido. No acatar esta indicaci\u00f3n acarrear\u00e1 la descalificaci\u00f3n.<\/li><li>Subir a cualquier medio de transporte de la organizaci\u00f3n o externo a la organizaci\u00f3n para acortar camino de manera voluntaria o involuntaria ser\u00e1 motivo de descalificaci\u00f3n.<\/li><li>Cada competidor se compromete a llevar sus envases o sistemas de hidrataci\u00f3n (equipo b\u00e1sico obligatorio) durante toda la ruta. La organizaci\u00f3n no utilizar\u00e1 ning\u00fan tipo de vasos descartables o parecidos. Cuidemos el medio ambiente.<\/li><\/ul><h2>I. Sobre el Equipo B\u00e1sico<\/h2><ul><li>El equipo b\u00e1sico obligatorio es para las distancias de 10K, 22K y \u00e9ste ser\u00e1 revisado desde 2 horas antes de la partida hasta 30 minutos antes de la Partida. No presentar la totalidad de los elementos del Equipo B\u00e1sico implicar\u00e1 la cancelaci\u00f3n del registro del competidor en la carrera sin reembolso.<\/li><li>EQUIPO B\u00c1SICO PARA 10K<br \/>Sistema de Hidrataci\u00f3n de m\u00ednimo 0.5 Litros<br \/>Zapatillas de Trail running<\/li><li>EQIUPO B\u00c1SICO PARA 22K<br \/>Sistema de Hidrataci\u00f3n de m\u00ednimo 0.75 Litros<br \/>Durante la ruta, en los puntos de hidrataci\u00f3n, se les servir\u00e1 la hidrataci\u00f3n en sus sistemas de hidrataci\u00f3n o envases personales. (lea el punto H10)<\/li><\/ul><p>I4. Se recomienda: Lentes de sol, Bloqueador solar, kit de primeros auxilios, Casaca cortaviento, Silbato, Espejo, Cuchillo de supervivencia<\/p><h2>J. Sobre la premiaci\u00f3n<\/h2><ul><li>La entrega de premios ser\u00e1 a las 12.00 horas del S\u00e1bado 12\u00a0de\u00a0Octubre en el lugar de la llegada.<\/li><li>Se premiar\u00e1 a los tres primeros lugares de la categor\u00eda general, femenino y masculino de cada distancia.<\/li><li>Los premios ser\u00e1n productos de las marcas auspiciadoras.<\/li><li>Se reconocer\u00e1n en la Tabla de Resultados a los tres primeros de cada categor\u00eda, femenino y masculino.<\/li><li>Solamente se considerar\u00e1 completada la ruta a aquellos competidores que hayan pasado por todos los puntos de control PC<\/li><li>En la Tabla de Resultados solamente aparecer\u00e1n aquellos competidores que hayan completado el recorrido.<\/li><li>La Medalla de Participaci\u00f3n solo ser\u00e1 entregado a los competidores que hayan completado el recorrido.<\/li><li>La variaci\u00f3n de los resultados podr\u00eda presentarse por las siguientes razones:<ul><li>Por faltas a este reglamento que acareen penalidad o descalificaci\u00f3n.<\/li><li>Por apelaciones posteriores a la carrera y dentro de los plazos indicados en este reglamento.<\/li><\/ul><\/li><\/ul><p>\u00a0<\/p><h2>K. Sobre las Apelaciones<\/h2><ul><li>Toda objeci\u00f3n deber\u00e1 ser presentada por escrito al Director de la carrera.<\/li><li>La apelaci\u00f3n deber\u00e1 ser presentada hasta dos horas despu\u00e9s de la llegada del competidor que apela.<\/li><li>Las apelaciones v\u00e1lidas podr\u00e1n modificar la Tabla de Resultados.<\/li><\/ul><p>\u00a0<\/p><h2>L. Liberaci\u00f3n de Responsabilidad<\/h2><ul><li>El retiro de Kit implica la aceptaci\u00f3n total de la Liberaci\u00f3n de Responsabilidad por parte del competidor, as\u00ed como su autorizaci\u00f3n a usar todas las im\u00e1genes y audiovisuales que la organizaci\u00f3n difunda por cualquier medio l\u00edcito.<\/li><\/ul><p>\u00a0<\/p><h2>M. Sobre el participante<\/h2><ul><li>Si el participante se retira antes del inicio de la carrera, tiene hasta el plazo del cierre de inscripciones (20\u00a0de Septiembre) para la TRANSFERENCIA del registro.<\/li><li>Bajo ninguna circunstancia se realiza el reembolso, el participante puede transferir su registro a otra persona incluso antes de la fecha l\u00edmite de registro (20 de Septiembre),, no asegur\u00e1ndose el polo de competencia, para la persona a la que se le transfiere en caso cambien de talla o de sexo.<\/li><li>El participante puede ser retirado de la carrera por no cumplir con los requisitos obligatorios.<\/li><\/ul><p>\u00a0<\/p><h2>N. En caso decide no participar en la carrera por motivos personales o de salud<\/h2><ul><li>No habr\u00e1 devoluciones por inscripciones. Las inscripciones solo se podr\u00e1n transferir solicit\u00e1ndolo directamente a la organizaci\u00f3n a info@andesrace.pe hasta el 20 de Septiembre.<\/li><li>En caso decide cambiar de distancia:<ul><li>Si el cambio es para una distancia mayor, se tendr\u00e1 que pagar la diferencia del precio completo (sin promoci\u00f3n o precio de pre-venta).<\/li><li>En caso sea de menor distancia, se podr\u00e1 realizar el cambio mas no habr\u00e1 devoluci\u00f3n de dinero por la diferencia de precios entre una y otra.<\/li><\/ul><\/li><\/ul>\t\t\t\t\t\t\t\t<\/div>\n\t\t\t\t<\/div>\n\t\t\t\t\t<\/div>\n\t\t<\/div>\n\t\t\t\t\t<\/div>\n\t\t<\/section>\n\t\t\t\t<\/div>","protected":false},"excerpt":{"rendered":"<p>Reglamentos Lachay Andes Race SAC Organiza la Carrera LACHAY TRAIL \u00c9ste es el reglamento de Lachay Trail, todos los participantes<\/p>","protected":false},"author":1,"featured_media":0,"parent":0,"menu_order":0,"comment_status":"closed","ping_status":"closed","template":"elementor_header_footer","meta":{"footnotes":""},"class_list":["post-512","page","type-page","status-publish","hentry"],"yoast_head":"<!-- This site is optimized with the Yoast SEO plugin v27.4 - https:\/\/yoast.com\/product\/yoast-seo-wordpress\/ -->\n<title>Reglamentos - Lachay<\/title>\n<meta name=\"robots\" content=\"index, follow, max-snippet:-1, max-image-preview:large, max-video-preview:-1\" \/>\n<link rel=\"canonical\" href=\"https:\/\/lachaytrail.com\/en\/reglamentos\/\" \/>\n<meta property=\"og:locale\" content=\"en_US\" \/>\n<meta property=\"og:type\" content=\"article\" \/>\n<meta property=\"og:title\" content=\"Reglamentos - Lachay\" \/>\n<meta property=\"og:description\" content=\"Reglamentos Lachay Andes Race SAC Organiza la Carrera LACHAY TRAIL \u00c9ste es el reglamento de Lachay Trail, todos los participantes\" \/>\n<meta property=\"og:url\" content=\"https:\/\/lachaytrail.com\/en\/reglamentos\/\" \/>\n<meta property=\"og:site_name\" content=\"Lachay\" \/>\n<meta property=\"article:modified_time\" content=\"2022-10-25T15:59:25+00:00\" \/>\n<meta name=\"twitter:card\" content=\"summary_large_image\" \/>\n<meta name=\"twitter:label1\" content=\"Est. reading time\" \/>\n\t<meta name=\"twitter:data1\" content=\"10 minutes\" \/>\n<script type=\"application\/ld+json\" class=\"yoast-schema-graph\">{\"@context\":\"https:\\\/\\\/schema.org\",\"@graph\":[{\"@type\":\"WebPage\",\"@id\":\"https:\\\/\\\/lachaytrail.com\\\/reglamentos\\\/\",\"url\":\"https:\\\/\\\/lachaytrail.com\\\/reglamentos\\\/\",\"name\":\"Reglamentos - Lachay\",\"isPartOf\":{\"@id\":\"https:\\\/\\\/lachaytrail.com\\\/#website\"},\"datePublished\":\"2022-02-17T18:45:01+00:00\",\"dateModified\":\"2022-10-25T15:59:25+00:00\",\"breadcrumb\":{\"@id\":\"https:\\\/\\\/lachaytrail.com\\\/reglamentos\\\/#breadcrumb\"},\"inLanguage\":\"en-US\",\"potentialAction\":[{\"@type\":\"ReadAction\",\"target\":[\"https:\\\/\\\/lachaytrail.com\\\/reglamentos\\\/\"]}]},{\"@type\":\"BreadcrumbList\",\"@id\":\"https:\\\/\\\/lachaytrail.com\\\/reglamentos\\\/#breadcrumb\",\"itemListElement\":[{\"@type\":\"ListItem\",\"position\":1,\"name\":\"Home\",\"item\":\"https:\\\/\\\/lachaytrail.com\\\/\"},{\"@type\":\"ListItem\",\"position\":2,\"name\":\"Reglamentos\"}]},{\"@type\":\"WebSite\",\"@id\":\"https:\\\/\\\/lachaytrail.com\\\/#website\",\"url\":\"https:\\\/\\\/lachaytrail.com\\\/\",\"name\":\"Lachay\",\"description\":\"Vive la experienecia\",\"potentialAction\":[{\"@type\":\"SearchAction\",\"target\":{\"@type\":\"EntryPoint\",\"urlTemplate\":\"https:\\\/\\\/lachaytrail.com\\\/?s={search_term_string}\"},\"query-input\":{\"@type\":\"PropertyValueSpecification\",\"valueRequired\":true,\"valueName\":\"search_term_string\"}}],\"inLanguage\":\"en-US\"}]}<\/script>\n<!-- \/ Yoast SEO plugin. -->","yoast_head_json":{"title":"Reglamentos - Lachay","robots":{"index":"index","follow":"follow","max-snippet":"max-snippet:-1","max-image-preview":"max-image-preview:large","max-video-preview":"max-video-preview:-1"},"canonical":"https:\/\/lachaytrail.com\/en\/reglamentos\/","og_locale":"en_US","og_type":"article","og_title":"Reglamentos - Lachay","og_description":"Reglamentos Lachay Andes Race SAC Organiza la Carrera LACHAY TRAIL \u00c9ste es el reglamento de Lachay Trail, todos los participantes","og_url":"https:\/\/lachaytrail.com\/en\/reglamentos\/","og_site_name":"Lachay","article_modified_time":"2022-10-25T15:59:25+00:00","twitter_card":"summary_large_image","twitter_misc":{"Est. reading time":"10 minutes"},"schema":{"@context":"https:\/\/schema.org","@graph":[{"@type":"WebPage","@id":"https:\/\/lachaytrail.com\/reglamentos\/","url":"https:\/\/lachaytrail.com\/reglamentos\/","name":"Reglamentos - Lachay","isPartOf":{"@id":"https:\/\/lachaytrail.com\/#website"},"datePublished":"2022-02-17T18:45:01+00:00","dateModified":"2022-10-25T15:59:25+00:00","breadcrumb":{"@id":"https:\/\/lachaytrail.com\/reglamentos\/#breadcrumb"},"inLanguage":"en-US","potentialAction":[{"@type":"ReadAction","target":["https:\/\/lachaytrail.com\/reglamentos\/"]}]},{"@type":"BreadcrumbList","@id":"https:\/\/lachaytrail.com\/reglamentos\/#breadcrumb","itemListElement":[{"@type":"ListItem","position":1,"name":"Home","item":"https:\/\/lachaytrail.com\/"},{"@type":"ListItem","position":2,"name":"Reglamentos"}]},{"@type":"WebSite","@id":"https:\/\/lachaytrail.com\/#website","url":"https:\/\/lachaytrail.com\/","name":"Lachay","description":"Vive la experienecia","potentialAction":[{"@type":"SearchAction","target":{"@type":"EntryPoint","urlTemplate":"https:\/\/lachaytrail.com\/?s={search_term_string}"},"query-input":{"@type":"PropertyValueSpecification","valueRequired":true,"valueName":"search_term_string"}}],"inLanguage":"en-US"}]}},"jetpack_sharing_enabled":true,"_links":{"self":[{"href":"https:\/\/lachaytrail.com\/en\/wp-json\/wp\/v2\/pages\/512","targetHints":{"allow":["GET"]}}],"collection":[{"href":"https:\/\/lachaytrail.com\/en\/wp-json\/wp\/v2\/pages"}],"about":[{"href":"https:\/\/lachaytrail.com\/en\/wp-json\/wp\/v2\/types\/page"}],"author":[{"embeddable":true,"href":"https:\/\/lachaytrail.com\/en\/wp-json\/wp\/v2\/users\/1"}],"replies":[{"embeddable":true,"href":"https:\/\/lachaytrail.com\/en\/wp-json\/wp\/v2\/comments?post=512"}],"version-history":[{"count":37,"href":"https:\/\/lachaytrail.com\/en\/wp-json\/wp\/v2\/pages\/512\/revisions"}],"predecessor-version":[{"id":4409,"href":"https:\/\/lachaytrail.com\/en\/wp-json\/wp\/v2\/pages\/512\/revisions\/4409"}],"wp:attachment":[{"href":"https:\/\/lachaytrail.com\/en\/wp-json\/wp\/v2\/media?parent=512"}],"curies":[{"name":"wp","href":"https:\/\/api.w.org\/{rel}","templated":true}]}}