{"id":1184,"date":"2022-03-11T16:30:22","date_gmt":"2022-03-11T16:30:22","guid":{"rendered":"https:\/\/lachaytrail.com\/?page_id=1184"},"modified":"2022-10-25T15:53:47","modified_gmt":"2022-10-25T15:53:47","slug":"protocolos-covid-19","status":"publish","type":"page","link":"https:\/\/lachaytrail.com\/en\/protocolos-covid-19\/","title":{"rendered":"Protocolos Covid-19"},"content":{"rendered":"<div data-elementor-type=\"wp-page\" data-elementor-id=\"1184\" class=\"elementor elementor-1184\" data-elementor-settings=\"{&quot;ha_cmc_init_switcher&quot;:&quot;no&quot;}\" data-elementor-post-type=\"page\">\n\t\t\t\t\t\t<section class=\"elementor-section elementor-top-section elementor-element elementor-element-33b551a elementor-section-height-min-height elementor-section-stretched elementor-section-boxed elementor-section-height-default elementor-section-items-middle wd-section-disabled\" data-id=\"33b551a\" data-element_type=\"section\" data-settings=\"{&quot;stretch_section&quot;:&quot;section-stretched&quot;,&quot;background_background&quot;:&quot;slideshow&quot;,&quot;background_slideshow_slide_transition&quot;:&quot;slide_left&quot;,&quot;background_slideshow_gallery&quot;:[{&quot;id&quot;:1470,&quot;url&quot;:&quot;https:\\\/\\\/lachaytrail.com\\\/wp-content\\\/uploads\\\/2022\\\/03\\\/portada-protocolo-covid-lachay.jpg&quot;}],&quot;background_slideshow_loop&quot;:&quot;yes&quot;,&quot;background_slideshow_slide_duration&quot;:5000,&quot;background_slideshow_transition_duration&quot;:500,&quot;_ha_eqh_enable&quot;:false}\">\n\t\t\t\t\t\t\t<div class=\"elementor-background-overlay\"><\/div>\n\t\t\t\t\t\t\t<div class=\"elementor-container elementor-column-gap-default\">\n\t\t\t\t\t<div class=\"elementor-column elementor-col-100 elementor-top-column elementor-element elementor-element-b1f2118\" data-id=\"b1f2118\" data-element_type=\"column\">\n\t\t\t<div class=\"elementor-widget-wrap elementor-element-populated\">\n\t\t\t\t\t\t<div class=\"elementor-element elementor-element-1f99ff3 elementor-widget elementor-widget-heading\" data-id=\"1f99ff3\" data-element_type=\"widget\" data-widget_type=\"heading.default\">\n\t\t\t\t<div class=\"elementor-widget-container\">\n\t\t\t\t\t<h1 class=\"elementor-heading-title elementor-size-default\">Protocolo Covid-19<\/h1>\t\t\t\t<\/div>\n\t\t\t\t<\/div>\n\t\t\t\t\t<\/div>\n\t\t<\/div>\n\t\t\t\t\t<\/div>\n\t\t<\/section>\n\t\t\t\t<section class=\"elementor-section elementor-top-section elementor-element elementor-element-643c638 elementor-section-stretched elementor-section-boxed elementor-section-height-default elementor-section-height-default wd-section-disabled\" data-id=\"643c638\" data-element_type=\"section\" data-settings=\"{&quot;stretch_section&quot;:&quot;section-stretched&quot;,&quot;_ha_eqh_enable&quot;:false}\">\n\t\t\t\t\t\t<div class=\"elementor-container elementor-column-gap-default\">\n\t\t\t\t\t<div class=\"elementor-column elementor-col-100 elementor-top-column elementor-element elementor-element-c6b0661\" data-id=\"c6b0661\" data-element_type=\"column\">\n\t\t\t<div class=\"elementor-widget-wrap elementor-element-populated\">\n\t\t\t\t\t\t<div class=\"elementor-element elementor-element-9a0a828 color-scheme-inherit text-left elementor-widget elementor-widget-text-editor\" data-id=\"9a0a828\" data-element_type=\"widget\" data-widget_type=\"text-editor.default\">\n\t\t\t\t<div class=\"elementor-widget-container\">\n\t\t\t\t\t\t\t\t\t<div id=\"fws_622b78f6c388f\" class=\"wpb_row vc_row-fluid vc_row standard_section\" data-midnight=\"dark\" data-bg-mobile-hidden=\"\"><div class=\"col span_12 dark left\"><div class=\"vc_col-sm-12 wpb_column column_container vc_column_container col no-extra-padding instance-1\" data-bg-cover=\"\" data-padding-pos=\"all\" data-has-bg-color=\"false\" data-bg-color=\"\" data-bg-opacity=\"1\" data-hover-bg=\"\" data-hover-bg-opacity=\"1\" data-animation=\"\" data-delay=\"0\"><div class=\"vc_column-inner\"><div class=\"wpb_wrapper\"><div class=\"vc_separator wpb_content_element vc_separator_align_center vc_sep_width_100 vc_sep_pos_align_center vc_sep_color_grey vc_separator-has-text\"><h2 style=\"text-align: center;\">PROTOCOLOS PARA CORREDORES<\/h2><\/div><\/div><\/div><\/div><\/div><\/div><div id=\"fws_622b78f6c47b5\" class=\"wpb_row vc_row-fluid vc_row standard_section\" data-midnight=\"dark\" data-bg-mobile-hidden=\"\"><div class=\"row-bg-wrap instance-2\"><div class=\"row-bg\" data-color_overlay=\"\" data-color_overlay_2=\"\" data-gradient_direction=\"\" data-overlay_strength=\"0.3\" data-enable_gradient=\"false\">\u00a0<\/div><\/div><div class=\"col span_12 dark left\"><div class=\"vc_col-sm-12 wpb_column column_container vc_column_container col no-extra-padding instance-2\" data-bg-cover=\"\" data-padding-pos=\"all\" data-has-bg-color=\"false\" data-bg-color=\"\" data-bg-opacity=\"1\" data-hover-bg=\"\" data-hover-bg-opacity=\"1\" data-animation=\"\" data-delay=\"0\"><div class=\"vc_column-inner\"><div class=\"wpb_wrapper\"><div class=\"wpb_text_column wpb_content_element\"><div class=\"wpb_wrapper\"><h3><strong>OBJETIVOS PRINCIPALES:<\/strong><\/h3><ol><li>Brindarle a los participantes una experiencia de carrera segura y satisfactoria.<\/li><li>Reducir los puntos de contacto en un 90%.<\/li><li>Evitar las reuniones masivas antes, durante y despu\u00e9s del evento.<\/li><li>IMPORTANTE: Estos protocolos se activaran siempre y cuando haya alguna probabilidad de contagio para la fecha de la carrera.<\/li><\/ol><p>Todos esperamos contar con un ambiente donde nos podamos divertir y relajar, al mismo tiempo de celebrar el regreso a las carreras presenciales, sabiendo que por un tiempo no ser\u00e1n como antes.<\/p><p>La continuidad del Andes Race en estas circunstancias tan especiales, depender\u00e1 de que podamos cumplir a cabalidad los protocolos que definamos y por ello agradecemos su colaboraci\u00f3n.<\/p><p>Aquellos que no est\u00e9n de acuerdo con estos protocolos o que crean que no son realizables, les pedimos que no sean parte del evento para no quebrar la armon\u00eda entre la organizaci\u00f3n, los participantes y las comunidades a lo largo de la ruta. Aun sabiendo esto y contin\u00faan con su participaci\u00f3n, en caso veamos alg\u00fan acto no acorde con estos lineamientos, podr\u00e1n ser sujetos a una descalificaci\u00f3n.<\/p><p>Los corredores son responsables de las acciones\u00a0 de sus acompa\u00f1antes a la carrera.<\/p><p>Estos protocolos est\u00e1n sujetos a cambios si las regulaciones se actualizan o la situaci\u00f3n lo requiere.<\/p><p><strong>Todos los participantes<\/strong>\u00a0(corredores y voluntarios) deber\u00e1n cumplir con lo siguiente:<\/p><p><strong>FIRMAR NUESTRO DESLINDE DE COVID-19<\/strong>. Para asegurar el rastreo de contactos. Esto incluye firmar un declaraci\u00f3n jurada electr\u00f3nica que certifique que usted:<\/p><ul><li>No ha tenido s\u00edntomas de COVID-19 ni ha estado expuesto a COVID-19 en las \u00faltimas dos semanas<\/li><li>Nos notificar\u00e1 si ocurre algo entre su registro y su llegada a la carrera.<\/li><li>Acepta ponerse en contacto con nosotros si da positivo dentro de las 2 semanas posteriores a la carrera.<\/li><li>Reconoce los cambios y las restricciones adicionales en la carrera de este a\u00f1o.<\/li><\/ul><p>La informaci\u00f3n personal se mantendr\u00e1 confidencial.<\/p><p><strong>USE UNA M\u00c1SCARA CUANDO:<\/strong><\/p><ul><li>Esta en los buses de la organizaci\u00f3n (Mascarilla KN-95 y Protector Facial) hacia las partidas y de regreso al Cusco<\/li><li>Desde el momento en que se llega a los puntos de partida hasta la largada de la carrera<\/li><li>Cuando se encuentre con trafico de corredores en la ruta<\/li><li>Cuando entre a alg\u00fan poblado a lo largo de la ruta<\/li><li>Al acercarse a alguien de la organizaci\u00f3n o de las comunidades a lo largo de la ruta<\/li><li>Al asistir a alg\u00fan corredor en problemas<\/li><li>Al llegar al cruce de meta en Ollantaytambo<\/li><\/ul><p><strong>CONTROL DE TEMPERATURA<\/strong>\u00a0(sin contacto) al subir a los buses (ida y vuelta), previo a la partidas y al llegar a meta. Los que tengan temperaturas por encima de 100.4F o 38C, deber\u00e1 salir del area de corredores y realizarse las pruebas respectivas y avisar a la organizaci\u00f3n.<\/p><\/div><\/div><\/div><\/div><\/div><\/div><\/div><div id=\"fws_622b78f6c503f\" class=\"wpb_row vc_row-fluid vc_row standard_section\" data-midnight=\"dark\" data-bg-mobile-hidden=\"\"><div class=\"row-bg-wrap instance-3\"><div class=\"row-bg\" data-color_overlay=\"\" data-color_overlay_2=\"\" data-gradient_direction=\"\" data-overlay_strength=\"0.3\" data-enable_gradient=\"false\">\u00a0<\/div><\/div><div class=\"col span_12 dark left\"><div class=\"vc_col-sm-12 wpb_column column_container vc_column_container col no-extra-padding instance-3\" data-bg-cover=\"\" data-padding-pos=\"all\" data-has-bg-color=\"false\" data-bg-color=\"\" data-bg-opacity=\"1\" data-hover-bg=\"\" data-hover-bg-opacity=\"1\" data-animation=\"\" data-delay=\"0\"><div class=\"vc_column-inner\"><div class=\"wpb_wrapper\"><div class=\"wpb_text_column wpb_content_element\"><div class=\"wpb_wrapper\"><h3><strong>CAMBIOS PRINCIPALES:<\/strong><\/h3><ul><li>Uso obligatorio de mascarillas y desinfectante de manos y alcohol como parte del KIT obligatorio.<\/li><li>Men\u00fa y servicio limitados en las estaciones de ayuda<\/li><li>\u00c1rea de llegadas y partidas libres de espectadores.<\/li><li>Partidas en oleadas<\/li><li>Sin ceremonia de premiaci\u00f3n, comida y bebidas no empacadas y selladas.<\/li><\/ul><h4><strong>PRUEBAS COVID Y CERTIFICADO DE VACUNA<\/strong><\/h4><ul><li>Todos los corredores EXTRANJEROS deber\u00e1n de ingresar al pa\u00eds con una prueba Covid-19 o certificado de vacuna seg\u00fan sea el caso de acuerdo a las normativas de ingreso de extranjeros del Gobierno del Per\u00fa.<\/li><li>Todos los corredores SIN EXCEPCI\u00d3N, deber\u00e1n de realizarse una prueba DE ANT\u00cdGENOS la noche previa a la carrera y permanecer en sus hoteles hasta la hora de partida de los buses a los puntos de partida de cada distancia.<\/li><\/ul><\/div><\/div><\/div><\/div><\/div><\/div><\/div><div id=\"fws_622b78f6c58a4\" class=\"wpb_row vc_row-fluid vc_row standard_section\" data-midnight=\"dark\" data-bg-mobile-hidden=\"\"><div class=\"row-bg-wrap instance-4\"><div class=\"row-bg\" data-color_overlay=\"\" data-color_overlay_2=\"\" data-gradient_direction=\"\" data-overlay_strength=\"0.3\" data-enable_gradient=\"false\">\u00a0<\/div><\/div><div class=\"col span_12 dark left\"><div class=\"vc_col-sm-12 wpb_column column_container vc_column_container col no-extra-padding instance-4\" data-bg-cover=\"\" data-padding-pos=\"all\" data-has-bg-color=\"false\" data-bg-color=\"\" data-bg-opacity=\"1\" data-hover-bg=\"\" data-hover-bg-opacity=\"1\" data-animation=\"\" data-delay=\"0\"><div class=\"vc_column-inner\"><div class=\"wpb_wrapper\"><div class=\"wpb_text_column wpb_content_element\"><div class=\"wpb_wrapper\"><p><strong>I. CHARLA TECNICA DE LA CARRERA:<\/strong><br \/>Se ofrecer\u00e1 a todos los corredores una Charla T\u00e9cnica en video pre grabado y una sesi\u00f3n en vivo de preguntas y respuesta antes de la carrera.<\/p><p><strong>II. ENTREGA DE KITS:<\/strong><br \/>En el transcurso de las pr\u00f3ximas semanas se determinar\u00e1 c\u00f3mo ser\u00e1 la entrega de los KITS tanto a los participantes peruanos como extranjeros.<\/p><p><strong>III. COMIENZO DE LA CARRERA:<\/strong><br \/>Los corredores se dividir\u00e1n en oleadas de 25, partiendo cada 5 minutos y seg\u00fan a criterio de la organizaci\u00f3n. Los horarios de partidas se van a ajustar acerc\u00e1ndonos a la fecha de la competencia. Esto se puede modificar sin previo aviso.<\/p><ul><li>Los corredores deben mantenerse alejados del \u00e1rea de inicio hasta que la ola anterior haya partido.<\/li><li>Los corredores se asignar\u00e1n a oleadas seg\u00fan criterio de la organizaci\u00f3n. Las solicitudes de intercambio de oleadas est\u00e1n abiertas hasta el xx de Agosto.<\/li><\/ul><p><strong>IV. CORTES DE TIEMPO:<\/strong><br \/>Los cortes se aplicar\u00e1n por oleada. Todos los corredores tendr\u00e1n la misma cantidad de tiempo total en rumbo y entre avituallamientos. (EL DORSAL DEBE DE TENER EL N\u00daMERO DE LA OLEADA)<\/p><p><strong>V. DROP BAGS:<\/strong><br \/>Los Drop Bags van a ser manipulados por nuestra organizaci\u00f3n que contara con todas las medidas de seguridad COVID-19, pero aun as\u00ed, les pedimos mucho cuidado a la hora de su manipulaci\u00f3n en los puntos de Drop Bag en la ruta.<\/p><ul><li>Los DROP BAGS deben ser de un tama\u00f1o razonable y que no contienen art\u00edculos fr\u00e1giles u objetos de valor.<\/li><li>Los DROP BAGS deben estar claramente etiquetadas con el nombre del corredor, el n\u00famero de dorsal y la ubicaci\u00f3n a donde va.<\/li><li>Las bolsas de basura o pl\u00e1stico no se pueden considerar DROP BAGS.<\/li><\/ul><p><strong>V. TRANSPORTE AL PUNTO DE PARTIDA Y RETORNO AL CUSCO<\/strong><br \/>Los buses de transporte de corredores ir\u00e1n a un 50% de su capacidad para evitar el contacto directo entre corredores. Los corredores que est\u00e9n dentro de los buses de la organizaci\u00f3n deber\u00e1n cumplir en todo momento con lo siguiente:<\/p><ol><li>Utilizar mascarilla de protecci\u00f3n KN-95 (NO tapa bocas, NO bandanas)<\/li><li>Utilizar un protector facial de pl\u00e1stico que cubra todo el rostro.<\/li><li>Mantener la distancia de seguridad entre corredores.<\/li><li>El no cumplimiento de estas normas, facultar\u00e1 a la organizaci\u00f3n de retirarlo del bus.<\/li><\/ol><p><strong>VII. DURANTE LA CARRERA<\/strong><\/p><ul><li>Mantenga una distancia de 2 metros EN TODO MOMENTO de otros competidores, voluntarios, equipo de carrera y personas de las comunidades a lo largo de la ruta.<\/li><li>Al rebasar, anuncie desde atr\u00e1s (por ejemplo: rebasar por la izquierda) y espere hasta que sea posible rebasar con una distancia de al menos 2 metros de lado a lado.<\/li><li>Escupir y limpiar su nariz no debe hacerse a menos de 10 metros de otra persona y los papeles o toallas utilizados guardados en sus mochilas o bolsillos.<\/li><\/ul><p><strong>VIII. ESTACIONES DE AYUDA:<\/strong><br \/>Se espera un servicio m\u00e1s lento en los puntos de hidrataci\u00f3n y avituallamiento, les pedimos su comprensi\u00f3n en este proceso de adaptaci\u00f3n.<\/p><ul><li>Es obligatorio el uso de mascarillas en los avituallamientos. Se establecer\u00e1n l\u00edmites entre el \u00e1rea de servicio (use m\u00e1scaras) y \u00e1rea para comer \/ beber (quitar la m\u00e1scara est\u00e1 bien con una distancia de 2 metros)<\/li><li>No se permiten tazones de comida compartidos. Los corredores no tendr\u00e1n acceso directo a la comida. UN voluntario debidamente enmascarado y utilizando guantes, colocar\u00e1 en el plato \/ taza porciones individuales de comida y desinfectar\u00e1 mesa de servicio entre cada corredor<\/li><li>Los servicios de hidrataci\u00f3n es sin contacto. Los corredores deben abrir sus propias botellas \/ bladders y voluntario enmascarado\/enguantado lo verter\u00e1 en su recipiente en caso lo necesite. Si existe alg\u00fan tipo de contacto, los utensilios de servicio utilizados ser\u00e1n desinfectados<\/li><li>Los men\u00fas de cada avituallamiento se publicar\u00e1n en la web para que los corredores puedan considerar sus solicitudes con anticipaci\u00f3n en su plan de carrera y no demorarse<\/li><li>Se instalar\u00e1 una estaci\u00f3n de desinfectante de manos en la entrada de cada avituallamiento y de hidrataci\u00f3n.<\/li><li>La selecci\u00f3n de alimentos se simplificar\u00e1. Se dar\u00e1 prioridad a los alimentos que los corredores no puedan cargar en sus mochilas previos a la carrera<\/li><\/ul><p>En el caso de que alguien asociado a la carrera d\u00e9 positivo por COVID-19 en las dos semanas despu\u00e9s del evento, seguiremos las estrictas pautas de los protocolos sobre informes y comunicaci\u00f3n a todas las partes potencialmente expuestas. La identificaci\u00f3n del individuo estar\u00e1 protegida.<\/p><\/div><\/div><\/div><\/div><\/div><\/div><\/div><div id=\"fws_622b78f6c634f\" class=\"wpb_row vc_row-fluid vc_row standard_section\" data-midnight=\"dark\" data-bg-mobile-hidden=\"\"><div class=\"row-bg-wrap instance-5\"><div class=\"row-bg\" data-color_overlay=\"\" data-color_overlay_2=\"\" data-gradient_direction=\"\" data-overlay_strength=\"0.3\" data-enable_gradient=\"false\">\u00a0<\/div><\/div><div class=\"col span_12 dark left\"><div class=\"vc_col-sm-12 wpb_column column_container vc_column_container col no-extra-padding instance-5\" data-bg-cover=\"\" data-padding-pos=\"all\" data-has-bg-color=\"false\" data-bg-color=\"\" data-bg-opacity=\"1\" data-hover-bg=\"\" data-hover-bg-opacity=\"1\" data-animation=\"\" data-delay=\"0\"><div class=\"vc_column-inner\"><div class=\"wpb_wrapper\"><div class=\"vc_separator wpb_content_element vc_separator_align_center vc_sep_width_100 vc_sep_pos_align_center vc_sep_color_grey vc_separator-has-text\"><h2 style=\"text-align: center;\">PROTOCOLOS DE LA ORGANIZACI\u00d3N<\/h2><\/div><\/div><\/div><\/div><\/div><\/div><div id=\"fws_622b78f6c6ad3\" class=\"wpb_row vc_row-fluid vc_row standard_section\" data-midnight=\"dark\" data-bg-mobile-hidden=\"\"><div class=\"row-bg-wrap instance-6\"><div class=\"row-bg\" data-color_overlay=\"\" data-color_overlay_2=\"\" data-gradient_direction=\"\" data-overlay_strength=\"0.3\" data-enable_gradient=\"false\">\u00a0<\/div><\/div><div class=\"col span_12 dark left\"><div class=\"vc_col-sm-12 wpb_column column_container vc_column_container col no-extra-padding instance-6\" data-bg-cover=\"\" data-padding-pos=\"all\" data-has-bg-color=\"false\" data-bg-color=\"\" data-bg-opacity=\"1\" data-hover-bg=\"\" data-hover-bg-opacity=\"1\" data-animation=\"\" data-delay=\"0\"><div class=\"vc_column-inner\"><div class=\"wpb_wrapper\"><div class=\"wpb_text_column wpb_content_element\"><div class=\"wpb_wrapper\"><p><strong>OBJETIVOS PRINCIPALES:<\/strong><\/p><ol><li>Tener un equipo de trabajo 100% Libre de Covid<\/li><li>Reducir los puntos de contacto con los corredores y personas ajenas a la organizaci\u00f3n.<\/li><li>Evitar contagiar a los pobladores a lo largo de la ruta del Andes Race<\/li><li>Mantener la imagen de SERIEDAD Y RESPONSABILIDAD del Andes Race ante los corredores y cualquier persona ajena a la organizaci\u00f3n.<\/li><\/ol><p>La seguridad de nuestro personal es tan importante como la de los participantes. Es por eso que determinaremos gu\u00edas que eviten que tengamos colaboradores con riesgo de COVID-19.<\/p><p><strong>TODOS LOS COLABORADORES<\/strong>\u00a0deber\u00e1n cumplir con lo siguiente:<\/p><p><strong>FIRMAR NUESTRO DESLINDE DE COVID-19<\/strong>. Para asegurar el rastreo de contactos. Esto incluye firmar una renuncia electr\u00f3nica que certifique que usted:<\/p><ul><li>Se ha mantenido en cuarentena al menos 7 d\u00edas antes del inicio de sus actividades en la organizaci\u00f3n.<\/li><li>No ha tenido s\u00edntomas de COVID-19 ni ha estado expuesto a COVID-19 en las \u00faltimas dos semanas<\/li><li>Acepta ponerse en contacto con nosotros si da positivo dentro de las 2 semanas posteriores a la carrera.<\/li><\/ul><p>La informaci\u00f3n personal se mantendr\u00e1 confidencial.<strong>\u00a0<\/strong><\/p><p><strong>PRUEBAS COVID-19<\/strong><\/p><ul><li>Todos los colaboradores se realizaran una prueba de Ant\u00edgenos al iniciar su cuarentena 7 d\u00edas antes de la carrera y otra antes de embarcarse a sus puntos de control en la ruta de carrera.<\/li><\/ul><p><strong>USE UNA M\u00c1SCARA Y PROTECTOR FACIAL\u00a0<\/strong>en todo momento, excepto cuando coma\/beba<\/p><p><strong>CONTROL DE TEMPERATURA<\/strong>\u00a0(sin contacto) peri\u00f3dicos para monitoreo del personal. Los que tienen temperaturas por encima de 100.4F o 38C, deber\u00e1n salir.<\/p><p><strong>COMIENZO DE LA CARRERA:<\/strong><\/p><p>Los encargados de las partidas dividir\u00e1n a los corredores en oleadas de 25, partiendo cada 5 minutos y seg\u00fan las indicaciones previstas por la organizaci\u00f3n.<\/p><ul><li>Nuestro personal debe mantenerse alejado de los corredores por al menos 2 metros en todo momento.<\/li><li>Los corredores partir\u00e1n en oleadas seg\u00fan criterio de la organizaci\u00f3n. Las solicitudes de intercambio de oleadas podr\u00e1n ser revisadas y quedaran a criterio de la organizaci\u00f3n.<\/li><\/ul><\/div><\/div><\/div><\/div><\/div><\/div><\/div>\t\t\t\t\t\t\t\t<\/div>\n\t\t\t\t<\/div>\n\t\t\t\t\t<\/div>\n\t\t<\/div>\n\t\t\t\t\t<\/div>\n\t\t<\/section>\n\t\t\t\t<\/div>","protected":false},"excerpt":{"rendered":"<p>Protocolo Covid-19 PROTOCOLOS PARA CORREDORES \u00a0 OBJETIVOS PRINCIPALES: Brindarle a los participantes una experiencia de carrera segura y satisfactoria. Reducir<\/p>","protected":false},"author":1,"featured_media":0,"parent":0,"menu_order":0,"comment_status":"closed","ping_status":"closed","template":"elementor_header_footer","meta":{"footnotes":""},"class_list":["post-1184","page","type-page","status-publish","hentry"],"yoast_head":"<!-- This site is optimized with the Yoast SEO plugin v27.4 - https:\/\/yoast.com\/product\/yoast-seo-wordpress\/ -->\n<title>Protocolos Covid-19 - Lachay<\/title>\n<meta name=\"robots\" content=\"index, follow, max-snippet:-1, max-image-preview:large, max-video-preview:-1\" \/>\n<link rel=\"canonical\" href=\"https:\/\/lachaytrail.com\/en\/protocolos-covid-19\/\" \/>\n<meta property=\"og:locale\" content=\"en_US\" \/>\n<meta property=\"og:type\" content=\"article\" \/>\n<meta property=\"og:title\" content=\"Protocolos Covid-19 - Lachay\" \/>\n<meta property=\"og:description\" content=\"Protocolo Covid-19 PROTOCOLOS PARA CORREDORES \u00a0 OBJETIVOS PRINCIPALES: Brindarle a los participantes una experiencia de carrera segura y satisfactoria. Reducir\" \/>\n<meta property=\"og:url\" content=\"https:\/\/lachaytrail.com\/en\/protocolos-covid-19\/\" \/>\n<meta property=\"og:site_name\" content=\"Lachay\" \/>\n<meta property=\"article:modified_time\" content=\"2022-10-25T15:53:47+00:00\" \/>\n<meta name=\"twitter:card\" content=\"summary_large_image\" \/>\n<meta name=\"twitter:label1\" content=\"Est. reading time\" \/>\n\t<meta name=\"twitter:data1\" content=\"8 minutes\" \/>\n<script type=\"application\/ld+json\" class=\"yoast-schema-graph\">{\"@context\":\"https:\\\/\\\/schema.org\",\"@graph\":[{\"@type\":\"WebPage\",\"@id\":\"https:\\\/\\\/lachaytrail.com\\\/protocolos-covid-19\\\/\",\"url\":\"https:\\\/\\\/lachaytrail.com\\\/protocolos-covid-19\\\/\",\"name\":\"Protocolos Covid-19 - Lachay\",\"isPartOf\":{\"@id\":\"https:\\\/\\\/lachaytrail.com\\\/#website\"},\"datePublished\":\"2022-03-11T16:30:22+00:00\",\"dateModified\":\"2022-10-25T15:53:47+00:00\",\"breadcrumb\":{\"@id\":\"https:\\\/\\\/lachaytrail.com\\\/protocolos-covid-19\\\/#breadcrumb\"},\"inLanguage\":\"en-US\",\"potentialAction\":[{\"@type\":\"ReadAction\",\"target\":[\"https:\\\/\\\/lachaytrail.com\\\/protocolos-covid-19\\\/\"]}]},{\"@type\":\"BreadcrumbList\",\"@id\":\"https:\\\/\\\/lachaytrail.com\\\/protocolos-covid-19\\\/#breadcrumb\",\"itemListElement\":[{\"@type\":\"ListItem\",\"position\":1,\"name\":\"Home\",\"item\":\"https:\\\/\\\/lachaytrail.com\\\/\"},{\"@type\":\"ListItem\",\"position\":2,\"name\":\"Protocolos Covid-19\"}]},{\"@type\":\"WebSite\",\"@id\":\"https:\\\/\\\/lachaytrail.com\\\/#website\",\"url\":\"https:\\\/\\\/lachaytrail.com\\\/\",\"name\":\"Lachay\",\"description\":\"Vive la experienecia\",\"potentialAction\":[{\"@type\":\"SearchAction\",\"target\":{\"@type\":\"EntryPoint\",\"urlTemplate\":\"https:\\\/\\\/lachaytrail.com\\\/?s={search_term_string}\"},\"query-input\":{\"@type\":\"PropertyValueSpecification\",\"valueRequired\":true,\"valueName\":\"search_term_string\"}}],\"inLanguage\":\"en-US\"}]}<\/script>\n<!-- \/ Yoast SEO plugin. -->","yoast_head_json":{"title":"Protocolos Covid-19 - Lachay","robots":{"index":"index","follow":"follow","max-snippet":"max-snippet:-1","max-image-preview":"max-image-preview:large","max-video-preview":"max-video-preview:-1"},"canonical":"https:\/\/lachaytrail.com\/en\/protocolos-covid-19\/","og_locale":"en_US","og_type":"article","og_title":"Protocolos Covid-19 - Lachay","og_description":"Protocolo Covid-19 PROTOCOLOS PARA CORREDORES \u00a0 OBJETIVOS PRINCIPALES: Brindarle a los participantes una experiencia de carrera segura y satisfactoria. Reducir","og_url":"https:\/\/lachaytrail.com\/en\/protocolos-covid-19\/","og_site_name":"Lachay","article_modified_time":"2022-10-25T15:53:47+00:00","twitter_card":"summary_large_image","twitter_misc":{"Est. reading time":"8 minutes"},"schema":{"@context":"https:\/\/schema.org","@graph":[{"@type":"WebPage","@id":"https:\/\/lachaytrail.com\/protocolos-covid-19\/","url":"https:\/\/lachaytrail.com\/protocolos-covid-19\/","name":"Protocolos Covid-19 - Lachay","isPartOf":{"@id":"https:\/\/lachaytrail.com\/#website"},"datePublished":"2022-03-11T16:30:22+00:00","dateModified":"2022-10-25T15:53:47+00:00","breadcrumb":{"@id":"https:\/\/lachaytrail.com\/protocolos-covid-19\/#breadcrumb"},"inLanguage":"en-US","potentialAction":[{"@type":"ReadAction","target":["https:\/\/lachaytrail.com\/protocolos-covid-19\/"]}]},{"@type":"BreadcrumbList","@id":"https:\/\/lachaytrail.com\/protocolos-covid-19\/#breadcrumb","itemListElement":[{"@type":"ListItem","position":1,"name":"Home","item":"https:\/\/lachaytrail.com\/"},{"@type":"ListItem","position":2,"name":"Protocolos Covid-19"}]},{"@type":"WebSite","@id":"https:\/\/lachaytrail.com\/#website","url":"https:\/\/lachaytrail.com\/","name":"Lachay","description":"Vive la experienecia","potentialAction":[{"@type":"SearchAction","target":{"@type":"EntryPoint","urlTemplate":"https:\/\/lachaytrail.com\/?s={search_term_string}"},"query-input":{"@type":"PropertyValueSpecification","valueRequired":true,"valueName":"search_term_string"}}],"inLanguage":"en-US"}]}},"jetpack_sharing_enabled":true,"_links":{"self":[{"href":"https:\/\/lachaytrail.com\/en\/wp-json\/wp\/v2\/pages\/1184","targetHints":{"allow":["GET"]}}],"collection":[{"href":"https:\/\/lachaytrail.com\/en\/wp-json\/wp\/v2\/pages"}],"about":[{"href":"https:\/\/lachaytrail.com\/en\/wp-json\/wp\/v2\/types\/page"}],"author":[{"embeddable":true,"href":"https:\/\/lachaytrail.com\/en\/wp-json\/wp\/v2\/users\/1"}],"replies":[{"embeddable":true,"href":"https:\/\/lachaytrail.com\/en\/wp-json\/wp\/v2\/comments?post=1184"}],"version-history":[{"count":22,"href":"https:\/\/lachaytrail.com\/en\/wp-json\/wp\/v2\/pages\/1184\/revisions"}],"predecessor-version":[{"id":4389,"href":"https:\/\/lachaytrail.com\/en\/wp-json\/wp\/v2\/pages\/1184\/revisions\/4389"}],"wp:attachment":[{"href":"https:\/\/lachaytrail.com\/en\/wp-json\/wp\/v2\/media?parent=1184"}],"curies":[{"name":"wp","href":"https:\/\/api.w.org\/{rel}","templated":true}]}}